{"id":710,"date":"2013-09-09T14:25:07","date_gmt":"2013-09-09T12:25:07","guid":{"rendered":"http:\/\/www.roogo.org\/wp-vez\/?page_id=710"},"modified":"2021-08-17T08:01:54","modified_gmt":"2021-08-17T06:01:54","slug":"in-memoriam-raimund-horburger","status":"publish","type":"page","link":"https:\/\/www.roogo.org\/wp-vez\/?page_id=710","title":{"rendered":"In memoriam Raimund"},"content":{"rendered":"<p>Liebe Mitglieder, F\u00f6rderer und FreundInnen unseres Vereins!<\/p>\n<p>Wir haben die traurige Pflicht, Ihnen\/Euch vom Ableben unseres Gr\u00fcnders und langj\u00e4hrigen Weggef\u00e4hrten<br \/>\nRaimund H\u00f6rburger am 21. Mai 2013 in Gallneukirchen zu berichten.<\/p>\n<div id=\"attachment_717\" style=\"width: 160px\" class=\"wp-caption aligncenter\"><a href=\"https:\/\/www.roogo.org\/wp-vez\/wp-content\/uploads\/2013\/09\/PateFoto.jpg\"><img loading=\"lazy\" decoding=\"async\" aria-describedby=\"caption-attachment-717\" src=\"https:\/\/www.roogo.org\/wp-vez\/wp-content\/uploads\/2013\/09\/PateFoto-150x150.jpg\" alt=\"Raimund H\u00f6rburger\" width=\"150\" height=\"150\" class=\"size-thumbnail wp-image-717\" \/><\/a><p id=\"caption-attachment-717\" class=\"wp-caption-text\">Raimund H\u00f6rburger<\/p><\/div>\n<p>Auf der Parte von Raimund steht geschrieben:<br \/>\n<i>\u201e&#8230; \u00fcber meine Grenzen immer wieder hinauszugehen, habe ich versucht. Nun bin ich bei dir angelangt, grenzenloser Gott\u201c!<\/i><\/p>\n<p>Welche Grenzen? Welche Versuche? <\/p>\n<p>Grenzen auszuloten, den Blick \u00fcber die Grenzen zu werfen, neue Anregungen zu bekommen.<br \/>\nDas war ein Prinzip von Raimund, das sein Leben pr\u00e4gte, aber auch belastet hat.<\/p>\n<p>Es macht uns betroffen, ja es besch\u00e4mt uns geradezu, wie engagiert und unverdrossen sich Raimund seit Jahrzehnten f\u00fcr die \u00c4rmsten der Armen in Afrika und auch anderswo in unserer Welt, mit allen ihm zur Verf\u00fcgung stehenden Mitteln eingesetzt hat. <\/p>\n<p>Ist er auch in den letzten Jahren oft eigene Wege gegangen, teilweise unbeirrbar und f\u00fcr uns nicht immer einfach verst\u00e4ndlich, hat er doch eine gro\u00dfe Zahl von Menschen \u2013 uns und viele von uns eingeschlossen \u2013 \u00fcberzeugt und ermutigt, etwas Konkretes zu tun, sich f\u00fcr eine gute Sache einzusetzen. <\/p>\n<p>F\u00fcr ihn stand immer die Verbesserung des Lebens der Betroffenen im Vordergrund. Die Ursachen und Hintergr\u00fcnde der Lebensumst\u00e4nde dieser Menschen interessierten ihn bis zuletzt.<\/p>\n<p>Wir sind dankbar, dass wir Raimund vor mehr als zwanzig Jahren kennen lernen durften, gemeinsame Reisen, eine Vielzahl von Treffen und Diskussionen mit ihm erlebt haben sowie etliche Aktivit\u00e4ten im Rahmen des VEZ miteinander umgesetzt haben. Er hat uns die Augen f\u00fcr die Sorgen und N\u00f6te einer \u201eanderen\u201c Welt ge\u00f6ffnet und unseren Horizont und Blickwinkel erweitert.<br \/>\nSo manches Pfl\u00e4nzchen ist nicht nur im Sahel, sondern auch bei vielen von uns aufgegangen. Sein unerm\u00fcdliches Engagement f\u00fcr die Leidenden und Entrechteten m\u00f6ge f\u00fcr uns Ansporn und Verpflichtung sein!<\/p>\n<p>Daf\u00fcr k\u00f6nnen wir Raimund dankbar sein! <\/p>\n<p>Adieu, cher ami!<br \/>\nDer Vorstand<\/p>\n<hr style=\"color: red; background: black; height: 18px;\" \/>\n<p>Als einer jener Personen, die viele Jahre im Umfeld von Raimund t\u00e4tig waren, erlaube ich mir ein paar<br \/>\nErinnerungsdokumente hier einzuf\u00fcgen.<\/p>\n<p>Das \u00e4lteste Foto, das ich gefunden habe wurde im Februar 1985 in Douala (Kamerun) im Garten des<br \/>\n&#8222;L&#8217;Institut Panafricain pour le D\u00e9veloppement&#8220; IPD gemacht.<\/p>\n<div id=\"attachment_729\" style=\"width: 650px\" class=\"wp-caption aligncenter\"><a href=\"https:\/\/www.roogo.org\/wp-vez\/wp-content\/uploads\/2013\/09\/p1002.jpg\"><img loading=\"lazy\" decoding=\"async\" aria-describedby=\"caption-attachment-729\" src=\"https:\/\/www.roogo.org\/wp-vez\/wp-content\/uploads\/2013\/09\/p1002-1024x712.jpg\" alt=\"Februar 1985 in Douala, Kamerun. Norbert Schmidthaler, Johann Kollross und Raimund H\u00f6rburger (ganz rechts, teilweise verdeckt: Liselotte Wohlgenannt)\" width=\"640\" height=\"445\" class=\"size-large wp-image-729\" srcset=\"https:\/\/www.roogo.org\/wp-vez\/wp-content\/uploads\/2013\/09\/p1002-1024x712.jpg 1024w, https:\/\/www.roogo.org\/wp-vez\/wp-content\/uploads\/2013\/09\/p1002-300x208.jpg 300w\" sizes=\"auto, (max-width: 640px) 100vw, 640px\" \/><\/a><p id=\"caption-attachment-729\" class=\"wp-caption-text\">Februar 1985 in Douala, Kamerun. Norbert Schmidthaler, Johann Kollross und Raimund H\u00f6rburger  (ganz rechts, teilweise verdeckt: Liselotte Wohlgenannt)<\/p><\/div>\n<p>Bei einem VEZ-Treffen im Juni 2010 mit Ido Fasena und Iren\u00e4us Loyara:<br \/>\n<div id=\"attachment_788\" style=\"width: 610px\" class=\"wp-caption aligncenter\"><a href=\"https:\/\/www.roogo.org\/wp-vez\/wp-content\/uploads\/2013\/09\/RaimundIdoIrenee.jpg\"><img loading=\"lazy\" decoding=\"async\" aria-describedby=\"caption-attachment-788\" src=\"https:\/\/www.roogo.org\/wp-vez\/wp-content\/uploads\/2013\/09\/RaimundIdoIrenee-300x225.jpg\" alt=\"Raimund, Ida Fasena und Iren\u00e4us Loyara (VEZ-Treffen Juni 2010 bei Othmar Weber)\" width=\"600\" height=\"450\" class=\"size-medium wp-image-788\" srcset=\"https:\/\/www.roogo.org\/wp-vez\/wp-content\/uploads\/2013\/09\/RaimundIdoIrenee-300x225.jpg 300w, https:\/\/www.roogo.org\/wp-vez\/wp-content\/uploads\/2013\/09\/RaimundIdoIrenee-1024x768.jpg 1024w\" sizes=\"auto, (max-width: 600px) 100vw, 600px\" \/><\/a><p id=\"caption-attachment-788\" class=\"wp-caption-text\">Raimund, Ida Fasena und Iren\u00e4us Loyara (VEZ-Treffen Juni 2010 bei Othmar Weber)<\/p><\/div><\/p>\n<p>Raimund 2012 bei der Verleihung des Fritz Freyschlag Preises der Arbeiterkammer Ober\u00f6sterreich.<br \/>\n<div id=\"attachment_733\" style=\"width: 276px\" class=\"wp-caption aligncenter\"><a href=\"https:\/\/www.roogo.org\/wp-vez\/wp-content\/uploads\/2013\/09\/hoerburger.jpg\"><img loading=\"lazy\" decoding=\"async\" aria-describedby=\"caption-attachment-733\" src=\"https:\/\/www.roogo.org\/wp-vez\/wp-content\/uploads\/2013\/09\/hoerburger.jpg\" alt=\"Fritz Freyschlag Preis 2012\" width=\"266\" height=\"300\" class=\"size-full wp-image-733\" \/><\/a><p id=\"caption-attachment-733\" class=\"wp-caption-text\">Fritz Freyschlag Preis 2012<\/p><\/div><\/p>\n<p>Die letzten Fotos stammen von der Generalversammlung der VEZ als der gem\u00fctliche Abschluss von Raimund und seinen Freunden musikalisch aufgewertet wurde.<\/p>\n<div id=\"attachment_765\" style=\"width: 276px\" class=\"wp-caption aligncenter\"><a href=\"https:\/\/www.roogo.org\/wp-vez\/wp-content\/uploads\/2013\/09\/DSC01332_1.jpg\"><img loading=\"lazy\" decoding=\"async\" aria-describedby=\"caption-attachment-765\" src=\"https:\/\/www.roogo.org\/wp-vez\/wp-content\/uploads\/2013\/09\/DSC01332_1.jpg\" alt=\"Bei der VEZ Generalversammlung Sept. 2011 in der Villa Kunterbunt, Gallneukirchen\" width=\"266\" height=\"300\" class=\"size-full wp-image-765\" \/><\/a><p id=\"caption-attachment-765\" class=\"wp-caption-text\">Bei der VEZ Generalversammlung Sept. 2011 in der Villa Kunterbunt, Gallneukirchen<\/p><\/div>\n<div id=\"attachment_776\" style=\"width: 276px\" class=\"wp-caption aligncenter\"><a href=\"https:\/\/www.roogo.org\/wp-vez\/wp-content\/uploads\/2013\/09\/DSC01353_1.jpg\"><img loading=\"lazy\" decoding=\"async\" aria-describedby=\"caption-attachment-776\" src=\"https:\/\/www.roogo.org\/wp-vez\/wp-content\/uploads\/2013\/09\/DSC01353_1.jpg\" alt=\"Als Musikant bei der VEZ Generalversammlung Sept. 2011 in der Villa Kunterbunt, Gallneukirchen\" width=\"266\" height=\"300\" class=\"size-full wp-image-765\" \/><\/a><p id=\"caption-attachment-776\" class=\"wp-caption-text\">Als Musikant (mit einem Lied \u00fcber das &#8222;W\u00e4lderb\u00e4hnle&#8220; im Bregenzerwald) bei der VEZ Generalversammlung Sept. 2011 in der Villa Kunterbunt, Gallneukirchen<\/p><\/div>\n<p><a href=\"https:\/\/www.roogo.org\/wp-vez\/wp-content\/uploads\/2013\/09\/Pate.jpg\"><img loading=\"lazy\" decoding=\"async\" src=\"https:\/\/www.roogo.org\/wp-vez\/wp-content\/uploads\/2013\/09\/Pate.jpg\" alt=\"Pate\" width=\"595\" height=\"842\" class=\"aligncenter size-full wp-image-740\" srcset=\"https:\/\/www.roogo.org\/wp-vez\/wp-content\/uploads\/2013\/09\/Pate.jpg 595w, https:\/\/www.roogo.org\/wp-vez\/wp-content\/uploads\/2013\/09\/Pate-211x300.jpg 211w\" sizes=\"auto, (max-width: 595px) 100vw, 595px\" \/><\/a><\/p>\n<p>Aus den Vorarlberger Nachrichten:<br \/>\n<a href=\"https:\/\/www.roogo.org\/wp-vez\/wp-content\/uploads\/2013\/09\/RaimundBestattung.jpg\"><img loading=\"lazy\" decoding=\"async\" src=\"https:\/\/www.roogo.org\/wp-vez\/wp-content\/uploads\/2013\/09\/RaimundBestattung.jpg\" alt=\"RaimundBestattung\" width=\"645\" height=\"379\" class=\"aligncenter size-full wp-image-742\" srcset=\"https:\/\/www.roogo.org\/wp-vez\/wp-content\/uploads\/2013\/09\/RaimundBestattung.jpg 645w, https:\/\/www.roogo.org\/wp-vez\/wp-content\/uploads\/2013\/09\/RaimundBestattung-300x176.jpg 300w\" sizes=\"auto, (max-width: 645px) 100vw, 645px\" \/><\/a><\/p>\n<p>Raimund erz\u00e4hlte nur sehr sp\u00e4rlich aus seinem Privatleben, umso interessanter ist die von ihm selbst verfasste Beschreibung seiner &#8222;fr\u00fchen franz\u00f6sischen Jahre&#8220; als Teil des Artikels <i>&#8222;Wo und wie ist unser DHEPS in Frankreich enstanden&#8220;<\/i> im Buch <i>&#8222;Von der Forschung zur Aktion&#8220; (erschienen 2012 im Verlag des \u00d6GB, Wien &#8211; Herausgeber Josef Gunz)<\/i>. Eine wie ich finde sehr interessante Lekt\u00fcre: <a href=\"https:\/\/www.roogo.org\/wp-vez\/wp-content\/uploads\/2013\/09\/pRaim2.pdf\">Biografisches und R\u00e4sonierendes (pdf-Dokument)<\/a><\/p>\n<p>Nachrufe der Gemeinde Riefensberg und der Stadtgemeinde Gallneukirchen:<\/p>\n<p><a href=\"https:\/\/www.roogo.org\/wp-vez\/wp-content\/uploads\/2013\/09\/RaimundGemeindeRiefensberg.jpg\"><img decoding=\"async\" src=\"https:\/\/www.roogo.org\/wp-vez\/wp-content\/uploads\/2013\/09\/RaimundGemeindeRiefensberg.jpg\" alt=\"RaimundGemeindeRiefensberg\" width=\"993\"  class=\"aligncenter size-full wp-image-857\" srcset=\"https:\/\/www.roogo.org\/wp-vez\/wp-content\/uploads\/2013\/09\/RaimundGemeindeRiefensberg.jpg 993w, https:\/\/www.roogo.org\/wp-vez\/wp-content\/uploads\/2013\/09\/RaimundGemeindeRiefensberg-300x199.jpg 300w\" sizes=\"(max-width: 993px) 100vw, 993px\" \/><\/a><\/p>\n<p><a href=\"https:\/\/www.roogo.org\/wp-vez\/wp-content\/uploads\/2013\/09\/RaimundStadtGallneukirchen.jpg\"><img decoding=\"async\" src=\"https:\/\/www.roogo.org\/wp-vez\/wp-content\/uploads\/2013\/09\/RaimundStadtGallneukirchen-1024x421.jpg\" alt=\"RaimundStadtGallneukirchen\" width=\"640\"  class=\"aligncenter size-large wp-image-859\" srcset=\"https:\/\/www.roogo.org\/wp-vez\/wp-content\/uploads\/2013\/09\/RaimundStadtGallneukirchen-1024x421.jpg 1024w, https:\/\/www.roogo.org\/wp-vez\/wp-content\/uploads\/2013\/09\/RaimundStadtGallneukirchen-300x123.jpg 300w, https:\/\/www.roogo.org\/wp-vez\/wp-content\/uploads\/2013\/09\/RaimundStadtGallneukirchen.jpg 1330w\" sizes=\"(max-width: 1024px) 100vw, 1024px\" \/><\/a><\/p>\n<p><a href=\"https:\/\/www.roogo.org\/wp-vez\/wp-content\/uploads\/2021\/08\/GrabRaimundH\u00f6rburgerAugust2021.jpg\"><img loading=\"lazy\" decoding=\"async\" src=\"https:\/\/www.roogo.org\/wp-vez\/wp-content\/uploads\/2021\/08\/GrabRaimundH\u00f6rburgerAugust2021-768x1024.jpg\" alt=\"\" width=\"640\" height=\"853\" class=\"aligncenter size-large wp-image-1718\" srcset=\"https:\/\/www.roogo.org\/wp-vez\/wp-content\/uploads\/2021\/08\/GrabRaimundH\u00f6rburgerAugust2021-768x1024.jpg 768w, https:\/\/www.roogo.org\/wp-vez\/wp-content\/uploads\/2021\/08\/GrabRaimundH\u00f6rburgerAugust2021-225x300.jpg 225w, https:\/\/www.roogo.org\/wp-vez\/wp-content\/uploads\/2021\/08\/GrabRaimundH\u00f6rburgerAugust2021.jpg 1200w\" sizes=\"auto, (max-width: 640px) 100vw, 640px\" \/><\/a><\/p>\n<p><i>Johann Murauer<\/i><\/p>\n","protected":false},"excerpt":{"rendered":"<p>Liebe Mitglieder, F\u00f6rderer und FreundInnen unseres Vereins! Wir haben die traurige Pflicht, Ihnen\/Euch vom Ableben unseres Gr\u00fcnders und langj\u00e4hrigen Weggef\u00e4hrten Raimund H\u00f6rburger am 21. Mai 2013 in Gallneukirchen zu berichten. Auf der Parte von Raimund steht geschrieben: \u201e&#8230; \u00fcber meine &hellip; <a href=\"https:\/\/www.roogo.org\/wp-vez\/?page_id=710\">Weiterlesen <span class=\"meta-nav\">&rarr;<\/span><\/a><\/p>\n","protected":false},"author":1,"featured_media":0,"parent":2,"menu_order":10,"comment_status":"closed","ping_status":"closed","template":"onecolumn-page.php","meta":{"footnotes":""},"class_list":["post-710","page","type-page","status-publish","hentry"],"_links":{"self":[{"href":"https:\/\/www.roogo.org\/wp-vez\/index.php?rest_route=\/wp\/v2\/pages\/710","targetHints":{"allow":["GET"]}}],"collection":[{"href":"https:\/\/www.roogo.org\/wp-vez\/index.php?rest_route=\/wp\/v2\/pages"}],"about":[{"href":"https:\/\/www.roogo.org\/wp-vez\/index.php?rest_route=\/wp\/v2\/types\/page"}],"author":[{"embeddable":true,"href":"https:\/\/www.roogo.org\/wp-vez\/index.php?rest_route=\/wp\/v2\/users\/1"}],"replies":[{"embeddable":true,"href":"https:\/\/www.roogo.org\/wp-vez\/index.php?rest_route=%2Fwp%2Fv2%2Fcomments&post=710"}],"version-history":[{"count":75,"href":"https:\/\/www.roogo.org\/wp-vez\/index.php?rest_route=\/wp\/v2\/pages\/710\/revisions"}],"predecessor-version":[{"id":1722,"href":"https:\/\/www.roogo.org\/wp-vez\/index.php?rest_route=\/wp\/v2\/pages\/710\/revisions\/1722"}],"up":[{"embeddable":true,"href":"https:\/\/www.roogo.org\/wp-vez\/index.php?rest_route=\/wp\/v2\/pages\/2"}],"wp:attachment":[{"href":"https:\/\/www.roogo.org\/wp-vez\/index.php?rest_route=%2Fwp%2Fv2%2Fmedia&parent=710"}],"curies":[{"name":"wp","href":"https:\/\/api.w.org\/{rel}","templated":true}]}}