{"id":478,"date":"2012-04-01T10:39:40","date_gmt":"2012-04-01T08:39:40","guid":{"rendered":"http:\/\/www.roogo.org\/wp-vez\/?page_id=478"},"modified":"2019-01-19T18:28:56","modified_gmt":"2019-01-19T17:28:56","slug":"minata-sow","status":"publish","type":"page","link":"https:\/\/www.roogo.org\/wp-vez\/?page_id=478","title":{"rendered":"Minata Sow"},"content":{"rendered":"<p>Bei Frau Minata Sow handelt es sich um eine Bewohnerin des Dorfes Fakena. Minata litt unter einem in Burkina Faso nicht behandelbaren Gesichtstumor. Othmar Weber gelang es, f\u00fcr sie einen Behandlung in Linz zu organisieren. In den folgenden Dokumenten finden Sie weitere Informationen.<\/p>\n<p><a href='https:\/\/www.roogo.org\/wp-vez\/wp-content\/uploads\/2012\/04\/InfoMinata.pdf'>Allgemeines Informationsblatt, Stand: 29.2.2012 (PDF)<\/a><\/p>\n<p>Auch den Ober\u00f6sterreichischen Nachrichten war die Behandlung einen Artikel wert: <div id=\"attachment_491\" style=\"width: 128px\" class=\"wp-caption aligncenter\"><a href=\"https:\/\/www.roogo.org\/wp-vez\/wp-content\/uploads\/2012\/04\/OOeNGesamt.jpg\"><img loading=\"lazy\" decoding=\"async\" aria-describedby=\"caption-attachment-491\" src=\"https:\/\/www.roogo.org\/wp-vez\/wp-content\/uploads\/2012\/04\/OOeNGesamt-118x300.jpg\" alt=\"Artikel in den O\u00d6N vom 16.3.2012\" title=\"OOeNGesamt\" width=\"118\" height=\"300\" class=\"size-medium wp-image-491\" \/><\/a><p id=\"caption-attachment-491\" class=\"wp-caption-text\">Artikel in den O\u00d6N vom 16.3.2012<\/p><\/div><\/p>\n<p>Am 10.3.2012 (also nach ziemlich genau einem Monat in \u00d6sterreich, die Einreise war am 11.2.) erfolgte die R\u00fcckreise nach Burkina Faso, das Bild zeigt die gl\u00fccklichen R\u00fcckreisenden am Abflughafen M\u00fcnchen.<\/p>\n<div id=\"attachment_493\" style=\"width: 310px\" class=\"wp-caption aligncenter\"><a href=\"https:\/\/www.roogo.org\/wp-vez\/wp-content\/uploads\/2012\/04\/Rueckreise-10-3-2012-Flughafen-Muenchen.jpg\"><img loading=\"lazy\" decoding=\"async\" aria-describedby=\"caption-attachment-493\" src=\"https:\/\/www.roogo.org\/wp-vez\/wp-content\/uploads\/2012\/04\/Rueckreise-10-3-2012-Flughafen-Muenchen-300x225.jpg\" alt=\"\" title=\"Rueckreise-10-3-2012-Flughafen-Muenchen\" width=\"300\" height=\"225\" class=\"size-medium wp-image-493\" srcset=\"https:\/\/www.roogo.org\/wp-vez\/wp-content\/uploads\/2012\/04\/Rueckreise-10-3-2012-Flughafen-Muenchen-300x225.jpg 300w, https:\/\/www.roogo.org\/wp-vez\/wp-content\/uploads\/2012\/04\/Rueckreise-10-3-2012-Flughafen-Muenchen.jpg 1024w\" sizes=\"auto, (max-width: 300px) 100vw, 300px\" \/><\/a><p id=\"caption-attachment-493\" class=\"wp-caption-text\">R\u00fcckreise - Flughafen M\u00fcnchen, 10.3.2012<\/p><\/div>\n<p><strong>Ein herzliches Dankesch\u00f6n an alle Unterst\u00fctzer\/innen und Spender\/innen!<\/strong><\/p>\n<p>Im Fr\u00fchjahr 2018 war Minata gemeinsam mit einer anderen Patientin (Monique) ein zweites Mal in Linz f\u00fcr eine medizinische Behandlung, die erfolgreich verlaufen ist. Leider ist Minata im Sp\u00e4tsommer 2018 unerwartet (innerhalb weniger Tage) verstorben. Sie war eine von drei Frauen ihres Ehemannes und hinterl\u00e4sst 8 Kinder, die zum Teil schon erwachsen sind. Die Todesursache konnte nicht genau festgestellt werden, im Totenschein steht nur &#8222;maladie&#8220; (Krankheit).<\/p>\n","protected":false},"excerpt":{"rendered":"<p>Bei Frau Minata Sow handelt es sich um eine Bewohnerin des Dorfes Fakena. Minata litt unter einem in Burkina Faso nicht behandelbaren Gesichtstumor. Othmar Weber gelang es, f\u00fcr sie einen Behandlung in Linz zu organisieren. In den folgenden Dokumenten finden &hellip; <a href=\"https:\/\/www.roogo.org\/wp-vez\/?page_id=478\">Weiterlesen <span class=\"meta-nav\">&rarr;<\/span><\/a><\/p>\n","protected":false},"author":1,"featured_media":0,"parent":21,"menu_order":50,"comment_status":"closed","ping_status":"closed","template":"onecolumn-page.php","meta":{"footnotes":""},"class_list":["post-478","page","type-page","status-publish","hentry"],"_links":{"self":[{"href":"https:\/\/www.roogo.org\/wp-vez\/index.php?rest_route=\/wp\/v2\/pages\/478","targetHints":{"allow":["GET"]}}],"collection":[{"href":"https:\/\/www.roogo.org\/wp-vez\/index.php?rest_route=\/wp\/v2\/pages"}],"about":[{"href":"https:\/\/www.roogo.org\/wp-vez\/index.php?rest_route=\/wp\/v2\/types\/page"}],"author":[{"embeddable":true,"href":"https:\/\/www.roogo.org\/wp-vez\/index.php?rest_route=\/wp\/v2\/users\/1"}],"replies":[{"embeddable":true,"href":"https:\/\/www.roogo.org\/wp-vez\/index.php?rest_route=%2Fwp%2Fv2%2Fcomments&post=478"}],"version-history":[{"count":19,"href":"https:\/\/www.roogo.org\/wp-vez\/index.php?rest_route=\/wp\/v2\/pages\/478\/revisions"}],"predecessor-version":[{"id":1565,"href":"https:\/\/www.roogo.org\/wp-vez\/index.php?rest_route=\/wp\/v2\/pages\/478\/revisions\/1565"}],"up":[{"embeddable":true,"href":"https:\/\/www.roogo.org\/wp-vez\/index.php?rest_route=\/wp\/v2\/pages\/21"}],"wp:attachment":[{"href":"https:\/\/www.roogo.org\/wp-vez\/index.php?rest_route=%2Fwp%2Fv2%2Fmedia&parent=478"}],"curies":[{"name":"wp","href":"https:\/\/api.w.org\/{rel}","templated":true}]}}