{"id":2,"date":"2011-01-19T18:13:28","date_gmt":"2011-01-19T17:13:28","guid":{"rendered":""},"modified":"2025-10-25T18:29:26","modified_gmt":"2025-10-25T16:29:26","slug":"eine-seite","status":"publish","type":"page","link":"https:\/\/www.roogo.org\/wp-vez\/?page_id=2","title":{"rendered":"Der Verein"},"content":{"rendered":"<h1>VEZ &#8211; Vereinigung f\u00fcr Entwicklungszusammenarbeit<\/h1>\n<p>Sie befinden sich auf der Homepage der Vereinigung f\u00fcr Entwicklungszusammenarbeit (VEZ). Wir sind ein Verein (Linz \/ \u00d6sterreich), der sich mit Burkina Faso besch\u00e4ftigt. St\u00f6bern Sie herum und scheuen Sie sich nicht, mit uns in Kontakt zu treten &#8211; am besten gleich \u00fcber diese <a href=\"https:\/\/www.roogo.org\/wp-vez\/?page_id=29\">Seite<\/a>.<\/p>\n<p>Der Verein ist nat\u00fcrlich nicht nur \u00fcber das Internet erreichbar, auch der &#8222;herk\u00f6mmliche&#8220; Postweg ist m\u00f6glich:<\/p>\n<p style=\"text-align: center;\"><strong>VEZ<br \/>\nMag. Helmut Nehr<br \/>\nBerggasse 24<br \/>\nA-4040 Linz<br \/>\n\u00d6sterreich<\/strong><\/p>\n<p>(\u00dcbrigens: es gibt eine <a href=\"http:\/\/www.roogo.org\/vez\/indexOld.html\" target=\"_blank\" rel=\"noopener\">alte VEZ-Homepage<\/a>, diese wird aber seit 2010 nicht mehr gewartet!)<\/p>\n<h3>Die Entstehung<\/h3>\n<p>Unsere Vereinigung f\u00fcr Entwicklungszusammenarbeit (VEZ) ist an der <strong>Universit\u00e4t Linz<\/strong> entstanden. Seit <strong>1983<\/strong> wurden am Institut f\u00fcr Soziologie (Abteilung Politische Soziologie und Entwicklungsforschung) Reisen f\u00fcr Studenten und Studentinnen nach Westafrika organisiert und durchgef\u00fchrt (Kamerun, Senegal, Guinea Bissau) mit Schwerpunkt Burkina Faso, ehemals Obervolta.<\/p>\n<p>Mehr und mehr reifte aber die \u00dcberzeugung, dass es nicht gen\u00fcgt, nur zu reisen und einige Diplomarbeiten \u00fcber Projekte zu schreiben, sondern dass man sich auch engagieren muss. Daher nahmen an solchen Reisen auch Bauern, Techniker und Lehrer teil, die ihre Kenntnisse und Erfahrungen allenfalls weitergeben k\u00f6nnten. Aus solchen Begegnungen entwickelte sich die Zusammenarbeit mit einer <strong>afrikanischen Brunnenbaugenossenschaft<\/strong> im Sahel von Burkina Faso.<\/p>\n<h3>Aufbau von Kontakten zu Burkina Faso<\/h3>\n<p>Unser europ\u00e4ischer Ansprechpartner dort war seit 1984 der franz\u00f6sische Wasserbauingenieur <strong>Jean-Louis Chleq<\/strong> (geb. 1901), der sich Anfang der 70er Jahre im Alter von 71 Jahren noch entschlossen hatte, seine Erfahrungen im Bau von Rohr- und Schachtbrunnen, sowie in der Konstruktion von kleinen Staud\u00e4mmen gegen die Wassererosion den Bauern im Sahel zur Verf\u00fcgung zu stellen. Jean-Louis Chleq besuchte uns oft in Ober\u00f6sterreich. Als er im Herbst 91 zum letzten Mal bei uns war &#8211; er ist im J\u00e4nner 92 im Alter von 91 Jahren in Paris verstorben &#8211; bat er uns die technische Betreuung der Brunnenhandwerker zu \u00fcbernehmen.<\/p>\n<h3>Und heute<\/h3>\n<p>Noch heute sind einige Personen aus diesem &#8222;Entstehungskreis&#8220; im Verein aktiv, andere Mitglieder pausierten zwischenzeitlich oder verlie\u00dfen den Verein. Ebenso kamen neue Mitglieder hinzu. In all den Jahrzehnten stand immer Burkina Faso im Mittelpunkt. Was alles gemacht wird (bzw. gemacht wurde) finden Sie auf der <a href=\"https:\/\/www.roogo.org\/wp-vez\/?page_id=21\">Aktivit\u00e4tsseite<\/a>.<\/p>\n<h3>Das juristische Umfeld<\/h3>\n<p>VEZ ist ein gem\u00e4\u00df dem \u00f6sterreichischen Recht registrierter Verein mit der Nummer (ZVR-Zahl) 672811670.<\/p>\n<p>Die Vereinsstatuten k\u00f6nnen Sie hier nachlesen: <a href=\"https:\/\/www.roogo.org\/wp-vez\/wp-content\/uploads\/2025\/10\/VEZ_Statuten_Version_2025.pdf\">VEZ_Statuten_Version_2025<\/a><\/p>\n<p>Das \u00f6sterreichischen Bundesministerium f\u00fcr Inners erm\u00f6glicht die Abfrage der Vereinsdaten auf dieser <a href=\"http:\/\/zvr.bmi.gv.at\/Start\" target=\"_blank\" rel=\"noopener\">Seite<\/a> &#8211; zur Suche nach dem VEZ muss die ZVR-Zahl eingegeben werden. Hier finden Sie auch einen Ausdruck: <a href=\"https:\/\/www.roogo.org\/wp-vez\/wp-content\/uploads\/2019\/01\/VEZVereinsregisterauszug2019.pdf\">Vereinsregisterauszug<\/a><\/p>\n<p>Spenden an den Verein k\u00f6nnen von der Steuer abgesetzt werden. Die Registrierungsnummer beim Finanzministerium lautet SO 13542. Weitere Details und Hilfe zur Spendenabsetzbarkeit finden Sie <a href=\"https:\/\/www.roogo.org\/wp-vez\/wp-content\/uploads\/2011\/01\/VEZSpendenabsetzbarkeit1.pdf\">hier (Achtung: die Registrierungsnummer hat sich zwischenzeitlich ge\u00e4ndert, sie lautet nun SO 13542)<\/a>. Unsere Zulassung beim Finanzministerium kann <a title=\"Finanzministerium\" href=\"https:\/\/service.bmf.gv.at\/Service\/allg\/spenden\/show_mast.asp\" target=\"_blank\" rel=\"noopener\">hier<\/a> \u00fcberpr\u00fcft werden (einfach die Nummer 13542 im Suchfeld eingeben).<\/p>\n<div id=\"attachment_93\" style=\"width: 310px\" class=\"wp-caption aligncenter\"><a href=\"https:\/\/www.roogo.org\/wp-vez\/wp-content\/uploads\/2011\/01\/B2.jpg\"><img loading=\"lazy\" decoding=\"async\" aria-describedby=\"caption-attachment-93\" class=\"size-medium wp-image-93\" title=\"VEZ Logo mit Schrift\" src=\"https:\/\/www.roogo.org\/wp-vez\/wp-content\/uploads\/2011\/01\/B2-300x192.jpg\" alt=\"\" width=\"300\" height=\"192\" srcset=\"https:\/\/www.roogo.org\/wp-vez\/wp-content\/uploads\/2011\/01\/B2-300x192.jpg 300w, https:\/\/www.roogo.org\/wp-vez\/wp-content\/uploads\/2011\/01\/B2-1024x655.jpg 1024w, https:\/\/www.roogo.org\/wp-vez\/wp-content\/uploads\/2011\/01\/B2.jpg 1089w\" sizes=\"auto, (max-width: 300px) 100vw, 300px\" \/><\/a><p id=\"caption-attachment-93\" class=\"wp-caption-text\">VEZ Logo<\/p><\/div>\n","protected":false},"excerpt":{"rendered":"<p>VEZ &#8211; Vereinigung f\u00fcr Entwicklungszusammenarbeit Sie befinden sich auf der Homepage der Vereinigung f\u00fcr Entwicklungszusammenarbeit (VEZ). Wir sind ein Verein (Linz \/ \u00d6sterreich), der sich mit Burkina Faso besch\u00e4ftigt. St\u00f6bern Sie herum und scheuen Sie sich nicht, mit uns in &hellip; <a href=\"https:\/\/www.roogo.org\/wp-vez\/?page_id=2\">Weiterlesen <span class=\"meta-nav\">&rarr;<\/span><\/a><\/p>\n","protected":false},"author":1,"featured_media":0,"parent":0,"menu_order":10,"comment_status":"closed","ping_status":"closed","template":"onecolumn-page.php","meta":{"footnotes":""},"class_list":["post-2","page","type-page","status-publish","hentry"],"_links":{"self":[{"href":"https:\/\/www.roogo.org\/wp-vez\/index.php?rest_route=\/wp\/v2\/pages\/2","targetHints":{"allow":["GET"]}}],"collection":[{"href":"https:\/\/www.roogo.org\/wp-vez\/index.php?rest_route=\/wp\/v2\/pages"}],"about":[{"href":"https:\/\/www.roogo.org\/wp-vez\/index.php?rest_route=\/wp\/v2\/types\/page"}],"author":[{"embeddable":true,"href":"https:\/\/www.roogo.org\/wp-vez\/index.php?rest_route=\/wp\/v2\/users\/1"}],"replies":[{"embeddable":true,"href":"https:\/\/www.roogo.org\/wp-vez\/index.php?rest_route=%2Fwp%2Fv2%2Fcomments&post=2"}],"version-history":[{"count":44,"href":"https:\/\/www.roogo.org\/wp-vez\/index.php?rest_route=\/wp\/v2\/pages\/2\/revisions"}],"predecessor-version":[{"id":2054,"href":"https:\/\/www.roogo.org\/wp-vez\/index.php?rest_route=\/wp\/v2\/pages\/2\/revisions\/2054"}],"wp:attachment":[{"href":"https:\/\/www.roogo.org\/wp-vez\/index.php?rest_route=%2Fwp%2Fv2%2Fmedia&parent=2"}],"curies":[{"name":"wp","href":"https:\/\/api.w.org\/{rel}","templated":true}]}}