{"id":152,"date":"2011-01-31T13:12:17","date_gmt":"2011-01-31T12:12:17","guid":{"rendered":"http:\/\/www.roogo.org\/wp-vez\/?page_id=152"},"modified":"2021-09-07T18:37:31","modified_gmt":"2021-09-07T16:37:31","slug":"fakena","status":"publish","type":"page","link":"https:\/\/www.roogo.org\/wp-vez\/?page_id=152","title":{"rendered":"Fakena"},"content":{"rendered":"<p>Das Dorf Fakena ist ein &#8222;Dauerbrenner&#8220; bei den T\u00e4tigkeiten des VEZ und es tut sich laufend etwas Neues. Haupts\u00e4chlich wird das Projekt von Othmar Weber betreut. <\/p>\n<p>Die T\u00e4tigkeiten sind ausgesprochen vielf\u00e4ltig: Es gibt ein Fahrradprojekt, eine Gesundheitsstation wird unterst\u00fctzt, die Wasserversorgung wird teilweise betreut, Solarenergie (Photovoltaik) wird eingesetzt und momentan wird ein Schulbau unterst\u00fctzt und es ist an die Errichtung eines Wasserr\u00fcckhaltebeckens gedacht.<\/p>\n<p>In dem Dokument <a href=\"http:\/\/vez.roogo.org\/Material\/Fahrradprojekt_2009_Doku.pdf\">Fahrr\u00e4der bewegen ein Dorf<\/a> aus dem Jahr 2009 wird ein Teil der Aktivit\u00e4ten beschrieben. <\/p>\n<p>Das Dokument <a href=\"https:\/\/www.roogo.org\/wp-vez\/wp-content\/uploads\/2011\/01\/20-Jahre-Entwicklungszusammenarbeit-mit-den-Dorf-FAKENA.pdf\">20 Jahre Entwicklungszusammenarbeit mit den Dorf FAKENA<\/a> beinhaltet eine Zusammenfassung der vielf\u00e4ltigen T\u00e4tigkeiten (Stand Mai 2013).<\/p>\n<p>Einer der Ansprechpartner f\u00fcr uns ist Iren\u00e4 (Irene \/ Iren\u00e4us) Loyara bzw. der Verein Yponi. Gerade deren Verl\u00e4sslichkeit erm\u00f6glicht eine effiziente Arbeit.<\/p>\n<p>In praktisch allen Jahresberichten finde Sie weitere Informationen \u00fcber Fakena.<\/p>\n","protected":false},"excerpt":{"rendered":"<p>Das Dorf Fakena ist ein &#8222;Dauerbrenner&#8220; bei den T\u00e4tigkeiten des VEZ und es tut sich laufend etwas Neues. Haupts\u00e4chlich wird das Projekt von Othmar Weber betreut. Die T\u00e4tigkeiten sind ausgesprochen vielf\u00e4ltig: Es gibt ein Fahrradprojekt, eine Gesundheitsstation wird unterst\u00fctzt, die &hellip; <a href=\"https:\/\/www.roogo.org\/wp-vez\/?page_id=152\">Weiterlesen <span class=\"meta-nav\">&rarr;<\/span><\/a><\/p>\n","protected":false},"author":1,"featured_media":0,"parent":21,"menu_order":20,"comment_status":"closed","ping_status":"closed","template":"onecolumn-page.php","meta":{"footnotes":""},"class_list":["post-152","page","type-page","status-publish","hentry"],"_links":{"self":[{"href":"https:\/\/www.roogo.org\/wp-vez\/index.php?rest_route=\/wp\/v2\/pages\/152","targetHints":{"allow":["GET"]}}],"collection":[{"href":"https:\/\/www.roogo.org\/wp-vez\/index.php?rest_route=\/wp\/v2\/pages"}],"about":[{"href":"https:\/\/www.roogo.org\/wp-vez\/index.php?rest_route=\/wp\/v2\/types\/page"}],"author":[{"embeddable":true,"href":"https:\/\/www.roogo.org\/wp-vez\/index.php?rest_route=\/wp\/v2\/users\/1"}],"replies":[{"embeddable":true,"href":"https:\/\/www.roogo.org\/wp-vez\/index.php?rest_route=%2Fwp%2Fv2%2Fcomments&post=152"}],"version-history":[{"count":16,"href":"https:\/\/www.roogo.org\/wp-vez\/index.php?rest_route=\/wp\/v2\/pages\/152\/revisions"}],"predecessor-version":[{"id":1736,"href":"https:\/\/www.roogo.org\/wp-vez\/index.php?rest_route=\/wp\/v2\/pages\/152\/revisions\/1736"}],"up":[{"embeddable":true,"href":"https:\/\/www.roogo.org\/wp-vez\/index.php?rest_route=\/wp\/v2\/pages\/21"}],"wp:attachment":[{"href":"https:\/\/www.roogo.org\/wp-vez\/index.php?rest_route=%2Fwp%2Fv2%2Fmedia&parent=152"}],"curies":[{"name":"wp","href":"https:\/\/api.w.org\/{rel}","templated":true}]}}