{"id":1496,"date":"2018-11-18T16:34:38","date_gmt":"2018-11-18T15:34:38","guid":{"rendered":"http:\/\/www.roogo.org\/wp-vez\/?page_id=1496"},"modified":"2018-11-18T16:47:06","modified_gmt":"2018-11-18T15:47:06","slug":"1496-2","status":"publish","type":"page","link":"https:\/\/www.roogo.org\/wp-vez\/?page_id=1496","title":{"rendered":"Datenschutz"},"content":{"rendered":"<h4>Datenschutzgrundverordnung \u2013 DSGVO<\/h4>\n<p>Seit 25. Mai 2018 gilt europaweit die neue Datenschutzgrundverordnung (kurz DSGVO).<br \/>\nAufgrund der neuen Bestimmung \u2013 vor allem zum Schutz von Personaldaten \u2013 weisen wir auf die Verarbeitung der von uns im Rahmen der Vereinst\u00e4tigkeit des VEZ (Vereinigung f\u00fcr Entwicklungszusammenarbeit) erhobenen Personaldaten hin:<\/p>\n<p>Wir verarbeiten Personendaten (Titel, Vorname, Nachname, Geburtsdatum, Adresse, Bankdaten, H\u00f6he der einbezahlten Summe) der Vereins-Mitglieder, sowie der Spender und Spenderinnen f\u00fcr unseren Verein mit der gebotenen und erforderlichen Sorgfalt und Vorsicht.<\/p>\n<p>Die Personendaten werden zur M\u00f6glichkeit der Spendenabsetzbarkeit an das \u00f6sterreichische Bundesministerium f\u00fcr Finanzen (BMF) weitergeleitet, sowie an unserem Wirtschaftspr\u00fcfer um die Grundlagen f\u00fcr die M\u00f6glichkeit der Spendenabsetzbarkeit zu erf\u00fcllen.<\/p>\n<p>Sollten Sie keine Zusendungen mehr w\u00fcnschen, dann verst\u00e4ndigen Sie bitte die VEZ \u00fcber die Postadresse. Sie k\u00f6nnen auch anrufen (0732\/718034) oder Sie verwenden das Kontaktformular auf unserer Homepage <a href=\"https:\/\/www.roogo.org\/wp-vez\/?page_id=29\">Kontaktformular<\/a><\/p>\n","protected":false},"excerpt":{"rendered":"<p>Datenschutzgrundverordnung \u2013 DSGVO Seit 25. Mai 2018 gilt europaweit die neue Datenschutzgrundverordnung (kurz DSGVO). Aufgrund der neuen Bestimmung \u2013 vor allem zum Schutz von Personaldaten \u2013 weisen wir auf die Verarbeitung der von uns im Rahmen der Vereinst\u00e4tigkeit des VEZ &hellip; <a href=\"https:\/\/www.roogo.org\/wp-vez\/?page_id=1496\">Weiterlesen <span class=\"meta-nav\">&rarr;<\/span><\/a><\/p>\n","protected":false},"author":1,"featured_media":0,"parent":2,"menu_order":1,"comment_status":"closed","ping_status":"closed","template":"onecolumn-page.php","meta":{"footnotes":""},"class_list":["post-1496","page","type-page","status-publish","hentry"],"_links":{"self":[{"href":"https:\/\/www.roogo.org\/wp-vez\/index.php?rest_route=\/wp\/v2\/pages\/1496","targetHints":{"allow":["GET"]}}],"collection":[{"href":"https:\/\/www.roogo.org\/wp-vez\/index.php?rest_route=\/wp\/v2\/pages"}],"about":[{"href":"https:\/\/www.roogo.org\/wp-vez\/index.php?rest_route=\/wp\/v2\/types\/page"}],"author":[{"embeddable":true,"href":"https:\/\/www.roogo.org\/wp-vez\/index.php?rest_route=\/wp\/v2\/users\/1"}],"replies":[{"embeddable":true,"href":"https:\/\/www.roogo.org\/wp-vez\/index.php?rest_route=%2Fwp%2Fv2%2Fcomments&post=1496"}],"version-history":[{"count":7,"href":"https:\/\/www.roogo.org\/wp-vez\/index.php?rest_route=\/wp\/v2\/pages\/1496\/revisions"}],"predecessor-version":[{"id":1508,"href":"https:\/\/www.roogo.org\/wp-vez\/index.php?rest_route=\/wp\/v2\/pages\/1496\/revisions\/1508"}],"up":[{"embeddable":true,"href":"https:\/\/www.roogo.org\/wp-vez\/index.php?rest_route=\/wp\/v2\/pages\/2"}],"wp:attachment":[{"href":"https:\/\/www.roogo.org\/wp-vez\/index.php?rest_route=%2Fwp%2Fv2%2Fmedia&parent=1496"}],"curies":[{"name":"wp","href":"https:\/\/api.w.org\/{rel}","templated":true}]}}