{"id":149,"date":"2011-01-31T13:11:40","date_gmt":"2011-01-31T12:11:40","guid":{"rendered":"http:\/\/www.roogo.org\/wp-vez\/?page_id=149"},"modified":"2011-04-06T13:36:41","modified_gmt":"2011-04-06T11:36:41","slug":"segkos","status":"publish","type":"page","link":"https:\/\/www.roogo.org\/wp-vez\/?page_id=149","title":{"rendered":"SEGKOS"},"content":{"rendered":"<p>In den beiden Ortschaften<strong>S\u00e9g<\/strong>u\u00e9n\u00e9ga und <strong>Kos<\/strong>souka (geografisch nicht allzu weit von Tolo entfernt) wird das Projekt SEGKOS durchgef\u00fchrt. <\/p>\n<div id=\"attachment_315\" style=\"width: 284px\" class=\"wp-caption aligncenter\"><a href=\"https:\/\/www.roogo.org\/wp-vez\/wp-content\/uploads\/2011\/01\/SeguengaKarte3.jpg\"><img loading=\"lazy\" decoding=\"async\" aria-describedby=\"caption-attachment-315\" src=\"https:\/\/www.roogo.org\/wp-vez\/wp-content\/uploads\/2011\/01\/SeguengaKarte3-274x300.jpg\" alt=\"\u00dcbersicht Projektgebiet\" title=\"\u00dcbersicht Projektgebiet\" width=\"274\" height=\"300\" class=\"size-medium wp-image-315\" srcset=\"https:\/\/www.roogo.org\/wp-vez\/wp-content\/uploads\/2011\/01\/SeguengaKarte3-274x300.jpg 274w, https:\/\/www.roogo.org\/wp-vez\/wp-content\/uploads\/2011\/01\/SeguengaKarte3-935x1024.jpg 935w, https:\/\/www.roogo.org\/wp-vez\/wp-content\/uploads\/2011\/01\/SeguengaKarte3.jpg 1184w\" sizes=\"auto, (max-width: 274px) 100vw, 274px\" \/><\/a><p id=\"caption-attachment-315\" class=\"wp-caption-text\">\u00dcbersicht Projektgebiet<\/p><\/div>\n<p>Hierbei geht es um die Erhaltung des fruchtbaren Bodens durch Erosionsschutzma\u00dfnahmen und die Bepflanzung mit begleitender Kompostierung. Es werden an einer Anzahl von Stellen durch die lokale Bev\u00f6lkerung die entsprechenden Aktivit\u00e4ten durchgef\u00fchrt. Insgesamt sollen ca. 250 ha Land durch diese Ma\u00dfnahmen verbessert werden. Damit wird ein Beitrag zur Rettung der Lebensgrundlagen (lokale Landwirtschaft) geleistet.<\/p>\n<p>Die Lebenssituation in S\u00e9gu\u00e9n\u00e9ga und Kossouka ist durchaus mit der in Tolo vergleichbar, daher ist auch hier der Beitrag im Buch von <a href='https:\/\/www.roogo.org\/wp-vez\/wp-content\/uploads\/2011\/03\/ToloBauchinger-1.pdf'>Corinna Milburn<\/a> aufschlu\u00dfreich.<\/p>\n<p>SEGKOS wurde im Fr\u00fchjahr 2008 gestartet und wir rechneten mit einer Laufzeit von mindestens 3 Jahren. Ein betr\u00e4chtlicher Teil von SEGKOS wurde inzwischen erfolgreich durchgef\u00fchrt. Allerdings ergaben sich gerade in j\u00fcngster Zeit erhebliche Probleme. Wir haben uns daher entschlossen SEGKOS bis in den Sommer (Anfang der Regenzeit 2011) zu verl\u00e4ngern und in dieser Zeit noch sinnvolle Abschlussarbeiten durchzuf\u00fchren.<\/p>\n<p>Der initiale Projektantrag jener NGO (AAILE), mit der vor Ort zusammen gearbeitet wird: <a href='https:\/\/www.roogo.org\/wp-vez\/wp-content\/uploads\/2011\/01\/SEGKOS_DIGNOSE_JULI_2006.pdf'>Initialer Projektantrag<\/a><\/p>\n<p>Ein Teil des Projektes wurde von einem Rotaryclub unterst\u00fctzt, f\u00fcr diesen Teil gibt es einen Abschlussbericht mit vielen Projektdetails: <a href='https:\/\/www.roogo.org\/wp-vez\/wp-content\/uploads\/2011\/01\/AbschlussBericht-1.pdf'>Abschluss f\u00fcr Rotary Kirchdorf<\/a><\/p>\n<p>Hier befindet sich ein <a href='https:\/\/www.roogo.org\/wp-vez\/wp-content\/uploads\/2011\/01\/SEGKOS_Fotobericht_Kurz_v21.pdf'> Fotobericht <\/a> \u00fcber SEGKOS.<\/p>\n<p>Im Zuge eines Projektbesuches wurde ein kleines B\u00fcchlein geschrieben, in welchem Land, Projekt und Reise beschrieben wird (Achtung: das ist keine VEZ-Publikation!):<br \/>\n<A HREF=\" http:\/\/www.shaker-media.de\/shop\/978-3-86858-326-7 \"><br \/>\nJohann Murauer <br \/><I>Eine Reise nach Burkina Faso<\/I><\/A><br \/>\n(ISBN: 978-3-86858-326-7)<br \/> Es wurde bei <A HREF=\"http:\/\/www.shaker-media.de\/\">Shaker Media<\/A> ver&ouml;ffentlicht.<br \/>\n(Eine Bestellung ich auch bei <A HREF=\"http:\/\/www.amazon.de\/Eine-Reise-nach-Burkina-Erosionsschutzprojekt\/dp\/3868583262\/ref=sr_1_1?ie=UTF8&#038;s=books&#038;qid=1299069115&#038;sr=8-1\">Amazon<\/a> m\u00f6glich)<\/p>\n","protected":false},"excerpt":{"rendered":"<p>In den beiden OrtschaftenS\u00e9gu\u00e9n\u00e9ga und Kossouka (geografisch nicht allzu weit von Tolo entfernt) wird das Projekt SEGKOS durchgef\u00fchrt. Hierbei geht es um die Erhaltung des fruchtbaren Bodens durch Erosionsschutzma\u00dfnahmen und die Bepflanzung mit begleitender Kompostierung. Es werden an einer Anzahl &hellip; <a href=\"https:\/\/www.roogo.org\/wp-vez\/?page_id=149\">Weiterlesen <span class=\"meta-nav\">&rarr;<\/span><\/a><\/p>\n","protected":false},"author":1,"featured_media":0,"parent":21,"menu_order":30,"comment_status":"closed","ping_status":"closed","template":"onecolumn-page.php","meta":{"footnotes":""},"class_list":["post-149","page","type-page","status-publish","hentry"],"_links":{"self":[{"href":"https:\/\/www.roogo.org\/wp-vez\/index.php?rest_route=\/wp\/v2\/pages\/149","targetHints":{"allow":["GET"]}}],"collection":[{"href":"https:\/\/www.roogo.org\/wp-vez\/index.php?rest_route=\/wp\/v2\/pages"}],"about":[{"href":"https:\/\/www.roogo.org\/wp-vez\/index.php?rest_route=\/wp\/v2\/types\/page"}],"author":[{"embeddable":true,"href":"https:\/\/www.roogo.org\/wp-vez\/index.php?rest_route=\/wp\/v2\/users\/1"}],"replies":[{"embeddable":true,"href":"https:\/\/www.roogo.org\/wp-vez\/index.php?rest_route=%2Fwp%2Fv2%2Fcomments&post=149"}],"version-history":[{"count":28,"href":"https:\/\/www.roogo.org\/wp-vez\/index.php?rest_route=\/wp\/v2\/pages\/149\/revisions"}],"predecessor-version":[{"id":419,"href":"https:\/\/www.roogo.org\/wp-vez\/index.php?rest_route=\/wp\/v2\/pages\/149\/revisions\/419"}],"up":[{"embeddable":true,"href":"https:\/\/www.roogo.org\/wp-vez\/index.php?rest_route=\/wp\/v2\/pages\/21"}],"wp:attachment":[{"href":"https:\/\/www.roogo.org\/wp-vez\/index.php?rest_route=%2Fwp%2Fv2%2Fmedia&parent=149"}],"curies":[{"name":"wp","href":"https:\/\/api.w.org\/{rel}","templated":true}]}}