{"id":423,"date":"2012-01-31T20:07:27","date_gmt":"2012-01-31T19:07:27","guid":{"rendered":"http:\/\/www.roogo.org\/wp-sadocc-linz\/?page_id=423"},"modified":"2012-05-10T17:08:43","modified_gmt":"2012-05-10T15:08:43","slug":"2012-2","status":"publish","type":"page","link":"http:\/\/www.roogo.org\/wp-sadocc-linz\/?page_id=423","title":{"rendered":"2012"},"content":{"rendered":"<ul>\n<li>32. Treffen 30.1.2012<\/li>\n<ul>\n<li>In einem gut besuchten Planungstreffen beim Goldenen Adler \/ Linz-Urfahr wurde Pl\u00e4ne f\u00fcr das neue Jahr geschmiedet. Wir wollen uns dem Thema China in Afrika etwas widmen.<\/li>\n<\/ul>\n<li>33. Treffen 9.5.2012<\/li>\n<ul>\n<li>&#8222;Geurtstagsveranstaltung&#8220; &#8211; 100 Jahre ANC &#8211; Nord-S\u00fcd Institut O.\u00d6. gemeinsam mit SADOCC Linz<\/li>\n<li><a href='http:\/\/www.roogo.org\/wp-sadocc-linz\/wp-content\/uploads\/2012\/01\/EinladungSADOCC9Mai2012.pdf'>Einladung<\/a><\/li>\n<div id=\"attachment_454\" style=\"width: 310px\" class=\"wp-caption aligncenter\"><a href=\"http:\/\/www.roogo.org\/wp-sadocc-linz\/wp-content\/uploads\/2012\/01\/P1050300.jpg\"><img loading=\"lazy\" decoding=\"async\" aria-describedby=\"caption-attachment-454\" src=\"http:\/\/www.roogo.org\/wp-sadocc-linz\/wp-content\/uploads\/2012\/01\/P1050300-300x225.jpg\" alt=\"\" title=\"P1050300\" width=\"300\" height=\"225\" class=\"size-medium wp-image-454\" srcset=\"http:\/\/www.roogo.org\/wp-sadocc-linz\/wp-content\/uploads\/2012\/01\/P1050300-300x225.jpg 300w, http:\/\/www.roogo.org\/wp-sadocc-linz\/wp-content\/uploads\/2012\/01\/P1050300-1024x768.jpg 1024w\" sizes=\"(max-width: 300px) 100vw, 300px\" \/><\/a><p id=\"caption-attachment-454\" class=\"wp-caption-text\">Begr\u00fc\u00dfung durch Herrn Dr. Gerhard Eduard Mayr, Honorarkonsul der Republik S\u00fcdafrika in Linz<\/p><\/div>\n<p><div id=\"attachment_457\" style=\"width: 310px\" class=\"wp-caption aligncenter\"><a href=\"http:\/\/www.roogo.org\/wp-sadocc-linz\/wp-content\/uploads\/2012\/01\/P1050303.jpg\"><img loading=\"lazy\" decoding=\"async\" aria-describedby=\"caption-attachment-457\" src=\"http:\/\/www.roogo.org\/wp-sadocc-linz\/wp-content\/uploads\/2012\/01\/P1050303-300x225.jpg\" alt=\"\" title=\"P1050303\" width=\"300\" height=\"225\" class=\"size-medium wp-image-457\" srcset=\"http:\/\/www.roogo.org\/wp-sadocc-linz\/wp-content\/uploads\/2012\/01\/P1050303-300x225.jpg 300w, http:\/\/www.roogo.org\/wp-sadocc-linz\/wp-content\/uploads\/2012\/01\/P1050303-1024x768.jpg 1024w\" sizes=\"(max-width: 300px) 100vw, 300px\" \/><\/a><p id=\"caption-attachment-457\" class=\"wp-caption-text\">Mag.a. Jutta Kepplinger (Nord-S\u00fcd Institut O.\u00d6.) und Dr. Walter Sauer (SADOCC Wien)<\/p><\/div>\n        <\/ul>\n<\/ul>\n","protected":false},"excerpt":{"rendered":"<p>32. Treffen 30.1.2012 In einem gut besuchten Planungstreffen beim Goldenen Adler \/ Linz-Urfahr wurde Pl\u00e4ne f\u00fcr das neue Jahr geschmiedet. Wir wollen uns dem Thema China in Afrika etwas widmen. 33. Treffen 9.5.2012 &#8222;Geurtstagsveranstaltung&#8220; &#8211; 100 Jahre ANC &#8211; Nord-S\u00fcd &hellip; <a href=\"http:\/\/www.roogo.org\/wp-sadocc-linz\/?page_id=423\">Continue reading <span class=\"meta-nav\">&rarr;<\/span><\/a><\/p>\n","protected":false},"author":1,"featured_media":0,"parent":2,"menu_order":12,"comment_status":"closed","ping_status":"open","template":"","meta":{"footnotes":""},"_links":{"self":[{"href":"http:\/\/www.roogo.org\/wp-sadocc-linz\/index.php?rest_route=\/wp\/v2\/pages\/423"}],"collection":[{"href":"http:\/\/www.roogo.org\/wp-sadocc-linz\/index.php?rest_route=\/wp\/v2\/pages"}],"about":[{"href":"http:\/\/www.roogo.org\/wp-sadocc-linz\/index.php?rest_route=\/wp\/v2\/types\/page"}],"author":[{"embeddable":true,"href":"http:\/\/www.roogo.org\/wp-sadocc-linz\/index.php?rest_route=\/wp\/v2\/users\/1"}],"replies":[{"embeddable":true,"href":"http:\/\/www.roogo.org\/wp-sadocc-linz\/index.php?rest_route=%2Fwp%2Fv2%2Fcomments&post=423"}],"version-history":[{"count":18,"href":"http:\/\/www.roogo.org\/wp-sadocc-linz\/index.php?rest_route=\/wp\/v2\/pages\/423\/revisions"}],"predecessor-version":[{"id":458,"href":"http:\/\/www.roogo.org\/wp-sadocc-linz\/index.php?rest_route=\/wp\/v2\/pages\/423\/revisions\/458"}],"up":[{"embeddable":true,"href":"http:\/\/www.roogo.org\/wp-sadocc-linz\/index.php?rest_route=\/wp\/v2\/pages\/2"}],"wp:attachment":[{"href":"http:\/\/www.roogo.org\/wp-sadocc-linz\/index.php?rest_route=%2Fwp%2Fv2%2Fmedia&parent=423"}],"curies":[{"name":"wp","href":"https:\/\/api.w.org\/{rel}","templated":true}]}}