{"id":40,"date":"2011-01-17T08:27:20","date_gmt":"2011-01-17T07:27:20","guid":{"rendered":"http:\/\/www.roogo.org\/wp-sadocc-linz\/?page_id=40"},"modified":"2011-01-18T17:57:36","modified_gmt":"2011-01-18T16:57:36","slug":"20092010-2","status":"publish","type":"page","link":"http:\/\/www.roogo.org\/wp-sadocc-linz\/?page_id=40","title":{"rendered":"2009\/2010"},"content":{"rendered":"<ul>\n<li>28. Treffen 12.11.2009<\/li>\n<ul>\n<li>Bei diesem Treffen wurden SADOCC-internen Themen er\u00f6rtert.<\/li>\n<\/ul>\n<li>29. Treffen 9.3.2010<\/li>\n<ul>\n<li>Dr. Bope Lobo war zu Gast. Er hat an der Uni Linz in Soziologie promoviert, seine Diss wurde 1991 ver\u00f6ffentlicht (Bope Bundwoong Lobo, Afrikanische Gesellschaft im Wandel, Soziale Mobilit\u00e4t und Landflucht in Zaire, Brandes und Apsel, Frankfurt). Heute lebt Bope Lobo wieder in der Demokratischen Republik Kongo und ist dort Abgeordneter (einer von 500) im Parlament f\u00fcr die Region Mweka (Ablauf des Mandates 2011). In der Liste der Abgeordneten findet man ihn als Bope Albert Lobo. Dieser &#8222;Namenswechsel&#8220; alleine ist schon bemerkenswert. &#8222;Bundwoong&#8220; wurde als zairische Namensvarinate hinzugenommen als unter Mobutu alle europ\u00e4ischen Namen ge\u00e4ndert wurden, in der Nachmobuto-\u00c4ra wurde daraus &#8222;Albert&#8220;.\n<p>Der Abend war gepr\u00e4gt durch einen intensive, lebhafte Diskussion \u00fcber den Kongo, dessen Probleme und die M\u00f6glichkeiten der politischen Gestaltung. Auch \u00fcber die von Bope Lobo gebaute Gesundheitsstation in Mweka wurde gesprochen.<\/li>\n<li><a href='http:\/\/www.roogo.org\/wp-sadocc-linz\/wp-content\/uploads\/2011\/01\/SADOCCEinladungTreffenFeb2010.pdf'>Einladung mit weiteren Informationen<\/a><\/li>\n<li><div id=\"attachment_300\" style=\"width: 310px\" class=\"wp-caption aligncenter\"><a href=\"http:\/\/www.roogo.org\/wp-sadocc-linz\/wp-content\/uploads\/2011\/01\/Mweka_karte1.jpg\"><img loading=\"lazy\" decoding=\"async\" aria-describedby=\"caption-attachment-300\" src=\"http:\/\/www.roogo.org\/wp-sadocc-linz\/wp-content\/uploads\/2011\/01\/Mweka_karte1-300x206.jpg\" alt=\"\" title=\"Luftbild \/ Karte des westlichen Teils des Kongos (\u00dcbersicht)\" width=\"300\" height=\"206\" class=\"size-medium wp-image-300\" srcset=\"http:\/\/www.roogo.org\/wp-sadocc-linz\/wp-content\/uploads\/2011\/01\/Mweka_karte1-300x206.jpg 300w, http:\/\/www.roogo.org\/wp-sadocc-linz\/wp-content\/uploads\/2011\/01\/Mweka_karte1.jpg 969w\" sizes=\"(max-width: 300px) 100vw, 300px\" \/><\/a><p id=\"caption-attachment-300\" class=\"wp-caption-text\">Luftbild \/ Karte des westlichen Teils des Kongos (\u00dcbersicht)<\/p><\/div><\/li>\n<li><div id=\"attachment_293\" style=\"width: 310px\" class=\"wp-caption aligncenter\"><a href=\"http:\/\/www.roogo.org\/wp-sadocc-linz\/wp-content\/uploads\/2011\/01\/Mweka2.jpg\"><img loading=\"lazy\" decoding=\"async\" aria-describedby=\"caption-attachment-293\" src=\"http:\/\/www.roogo.org\/wp-sadocc-linz\/wp-content\/uploads\/2011\/01\/Mweka2-300x276.jpg\" alt=\"\" title=\"Luftaufnahme von Mweka\" width=\"300\" height=\"276\" class=\"size-medium wp-image-293\" srcset=\"http:\/\/www.roogo.org\/wp-sadocc-linz\/wp-content\/uploads\/2011\/01\/Mweka2-300x276.jpg 300w, http:\/\/www.roogo.org\/wp-sadocc-linz\/wp-content\/uploads\/2011\/01\/Mweka2.jpg 964w\" sizes=\"(max-width: 300px) 100vw, 300px\" \/><\/a><p id=\"caption-attachment-293\" class=\"wp-caption-text\">Luftaufnahme von Mweka<\/p><\/div><\/li>\n<li><a href='http:\/\/www.roogo.org\/wp-sadocc-linz\/wp-content\/uploads\/2011\/01\/Spiegel-Kongo-17-3-19691.pdf'>Ein alter Artikel (1969) aus dem &#8222;Spiegel&#8220; \u00fcber den Kongo und Lumumba<\/a><\/li>\n<\/ul>\n<li>30. Treffen 30.11.2010<\/li>\n<ul>\n<li>An diesem ausgesprochen gut besuchten Abend referierte Walter Sauer (SADOCC Wien) \u00fcber verschiedene Aspekte von &#8222;20 Jahre namibische Unabh\u00e4ngigkeit&#8220;. Es kamen sowohl geschichtliche Themen zur Sprache wie auch aktuelle politische Probleme (Arbeitslosigkeit, Landreform, politischen Vers\u00e4umnisse, &#8230;) <\/li>\n<li><div id=\"attachment_307\" style=\"width: 228px\" class=\"wp-caption aligncenter\"><a href=\"http:\/\/www.roogo.org\/wp-sadocc-linz\/wp-content\/uploads\/2011\/01\/SADOCCEinladungTreffenNov2010WalterSauer.jpg\"><img loading=\"lazy\" decoding=\"async\" aria-describedby=\"caption-attachment-307\" src=\"http:\/\/www.roogo.org\/wp-sadocc-linz\/wp-content\/uploads\/2011\/01\/SADOCCEinladungTreffenNov2010WalterSauer-218x300.jpg\" alt=\"\" title=\"Einladung mit weiteren Informationen\" width=\"218\" height=\"300\" class=\"size-medium wp-image-307\" srcset=\"http:\/\/www.roogo.org\/wp-sadocc-linz\/wp-content\/uploads\/2011\/01\/SADOCCEinladungTreffenNov2010WalterSauer-218x300.jpg 218w, http:\/\/www.roogo.org\/wp-sadocc-linz\/wp-content\/uploads\/2011\/01\/SADOCCEinladungTreffenNov2010WalterSauer-745x1024.jpg 745w, http:\/\/www.roogo.org\/wp-sadocc-linz\/wp-content\/uploads\/2011\/01\/SADOCCEinladungTreffenNov2010WalterSauer.jpg 1702w\" sizes=\"(max-width: 218px) 100vw, 218px\" \/><\/a><p id=\"caption-attachment-307\" class=\"wp-caption-text\">Einladung mit weiteren Informationen<\/p><\/div><\/li>\n<li><a href='http:\/\/www.roogo.org\/wp-sadocc-linz\/wp-content\/uploads\/2011\/01\/20JahreNamibia.pdf'>Zeitungsbeilage 20 Jahre unabh\u00e4ngiges Namibia<\/a><\/li>\n<\/ul>\n<\/ul>\n","protected":false},"excerpt":{"rendered":"<p>28. Treffen 12.11.2009 Bei diesem Treffen wurden SADOCC-internen Themen er\u00f6rtert. 29. Treffen 9.3.2010 Dr. Bope Lobo war zu Gast. Er hat an der Uni Linz in Soziologie promoviert, seine Diss wurde 1991 ver\u00f6ffentlicht (Bope Bundwoong Lobo, Afrikanische Gesellschaft im Wandel, &hellip; <a href=\"http:\/\/www.roogo.org\/wp-sadocc-linz\/?page_id=40\">Continue reading <span class=\"meta-nav\">&rarr;<\/span><\/a><\/p>\n","protected":false},"author":1,"featured_media":0,"parent":2,"menu_order":14,"comment_status":"closed","ping_status":"closed","template":"","meta":{"footnotes":""},"_links":{"self":[{"href":"http:\/\/www.roogo.org\/wp-sadocc-linz\/index.php?rest_route=\/wp\/v2\/pages\/40"}],"collection":[{"href":"http:\/\/www.roogo.org\/wp-sadocc-linz\/index.php?rest_route=\/wp\/v2\/pages"}],"about":[{"href":"http:\/\/www.roogo.org\/wp-sadocc-linz\/index.php?rest_route=\/wp\/v2\/types\/page"}],"author":[{"embeddable":true,"href":"http:\/\/www.roogo.org\/wp-sadocc-linz\/index.php?rest_route=\/wp\/v2\/users\/1"}],"replies":[{"embeddable":true,"href":"http:\/\/www.roogo.org\/wp-sadocc-linz\/index.php?rest_route=%2Fwp%2Fv2%2Fcomments&post=40"}],"version-history":[{"count":21,"href":"http:\/\/www.roogo.org\/wp-sadocc-linz\/index.php?rest_route=\/wp\/v2\/pages\/40\/revisions"}],"predecessor-version":[{"id":311,"href":"http:\/\/www.roogo.org\/wp-sadocc-linz\/index.php?rest_route=\/wp\/v2\/pages\/40\/revisions\/311"}],"up":[{"embeddable":true,"href":"http:\/\/www.roogo.org\/wp-sadocc-linz\/index.php?rest_route=\/wp\/v2\/pages\/2"}],"wp:attachment":[{"href":"http:\/\/www.roogo.org\/wp-sadocc-linz\/index.php?rest_route=%2Fwp%2Fv2%2Fmedia&parent=40"}],"curies":[{"name":"wp","href":"https:\/\/api.w.org\/{rel}","templated":true}]}}