{"id":38,"date":"2011-01-17T08:27:00","date_gmt":"2011-01-17T07:27:00","guid":{"rendered":"http:\/\/www.roogo.org\/wp-sadocc-linz\/?page_id=38"},"modified":"2011-01-18T18:07:20","modified_gmt":"2011-01-18T17:07:20","slug":"20082009-2","status":"publish","type":"page","link":"http:\/\/www.roogo.org\/wp-sadocc-linz\/?page_id=38","title":{"rendered":"2008\/2009"},"content":{"rendered":"<ul>\n<li>24. Treffen 20.10.2008\n<ul>\n<li>Nach einer langen Pause wurde wieder ein gruppeninternes Treffen veranstaltet (im Buka Katunga). Die n\u00e4chsten Pl\u00e4ne sind ein Besuch von Hans Gattringer, Inge J\u00e4ger und ein Tansania-Beitrag von Fritz Berghuber.<\/li>\n<\/ul>\n<\/li>\n<li>25. Treffen 18.11.2008\n<ul>\n<li>An der Johannes Kepler Universit\u00e4t Linz (HS 16 \/ 18:15) hielt Walter Sauer (SADOCC Wien) einen Vortrag mit dem Titel: <strong>Landreform im s\u00fcdlichen und \u00f6stlichen Afrika<\/strong>. In diesem Votrag wurden sowohl die historischen Ursachen der Probleme der Bodenverteilung als auch gegenw\u00e4rtige (gelungenen und gescheiterten) Versuche einer Landreform behandelt.<\/li>\n<\/ul>\n<\/li>\n<li>26. Treffen 9.2.2009\n<ul>\n<li>Hans Gattringer von Mission \u00d6sterreich (<a href=\"http:\/\/www.missio.at\" target=\"_blank\">www.missio.at<\/a>) besuchte uns und berichtete von seiner j\u00fcngsten Reise nach Mosambique und Simbabwe.<\/li>\n<li><a href=\"http:\/\/www.roogo.org\/wp-sadocc-linz\/wp-content\/uploads\/2011\/01\/SADOCCEinladungTreffenFeb2009.pdf\">Einladung mit weiteren Informationen<\/a><\/li>\n<li>\n<p><div id=\"attachment_272\" style=\"width: 293px\" class=\"wp-caption aligncenter\"><a href=\"http:\/\/www.roogo.org\/wp-sadocc-linz\/wp-content\/uploads\/2011\/01\/100000000000Dollar1.jpg\"><img loading=\"lazy\" decoding=\"async\" aria-describedby=\"caption-attachment-272\" class=\"size-full wp-image-272\" title=\"ONE HUNDRED BILLION DOLLARS\" src=\"http:\/\/www.roogo.org\/wp-sadocc-linz\/wp-content\/uploads\/2011\/01\/100000000000Dollar1.jpg\" alt=\"\" width=\"283\" height=\"213\" \/><\/a><p id=\"caption-attachment-272\" class=\"wp-caption-text\">ONE HUNDRED BILLION DOLLARS<\/p><\/div><\/li>\n<li>\n<p><div id=\"attachment_274\" style=\"width: 293px\" class=\"wp-caption aligncenter\"><a href=\"http:\/\/www.roogo.org\/wp-sadocc-linz\/wp-content\/uploads\/2011\/01\/GattringerBesucher.jpg\"><img loading=\"lazy\" decoding=\"async\" aria-describedby=\"caption-attachment-274\" class=\"size-full wp-image-274\" title=\"Besucher\" src=\"http:\/\/www.roogo.org\/wp-sadocc-linz\/wp-content\/uploads\/2011\/01\/GattringerBesucher.jpg\" alt=\"\" width=\"283\" height=\"213\" \/><\/a><p id=\"caption-attachment-274\" class=\"wp-caption-text\">Besucher<\/p><\/div><\/li>\n<\/ul>\n<\/li>\n<li>27. Treffen 15.6.2009\n<ul>\n<li>Fritz Berghuber berichtete \u00fcber seine Aktivit\u00e4ten an einer Berufsschule in Tansania (in der N\u00e4he des Kilimandscharo). Fritz ist dort seit 2009 \u00fcber die deutsche Organisation &#8222;Senior Expert Service&#8220; als Techniker t\u00e4tig und k\u00fcmmert sich im die Weiterbildung der Lehrer im Bereich der Elektrotechnik. Dabei liegt einer seiner Schwerpunkte bei der Photovoltaik. Zus\u00e4tzlich schilderte er uns seine Erfahrungen in Bezug auf Entwicklungszusammenarbeit und erz\u00e4hlte \u00fcber die spezifischen Probleme von Tansania.Die Schule wird vom Aktionskreis Ostafrika e.V., Traunstein, Bayern unterst\u00fctzt und hat auch eine eigene <a href=\"http:\/\/www.leguruki.de\/\" target=\"_blank\">Homepage <\/a>mit einer Anzahl interessanter Fotos.<\/li>\n<li><a href=\"http:\/\/www.roogo.org\/wp-sadocc-linz\/wp-content\/uploads\/2011\/01\/SADOCCEinladungTreffenJuni20091.pdf\">Einladung mit weiteren Informationen<\/a><\/li>\n<\/ul>\n<\/li>\n<\/ul>\n","protected":false},"excerpt":{"rendered":"<p>24. Treffen 20.10.2008 Nach einer langen Pause wurde wieder ein gruppeninternes Treffen veranstaltet (im Buka Katunga). Die n\u00e4chsten Pl\u00e4ne sind ein Besuch von Hans Gattringer, Inge J\u00e4ger und ein Tansania-Beitrag von Fritz Berghuber. 25. Treffen 18.11.2008 An der Johannes Kepler &hellip; <a href=\"http:\/\/www.roogo.org\/wp-sadocc-linz\/?page_id=38\">Continue reading <span class=\"meta-nav\">&rarr;<\/span><\/a><\/p>\n","protected":false},"author":1,"featured_media":0,"parent":2,"menu_order":15,"comment_status":"closed","ping_status":"closed","template":"","meta":{"footnotes":""},"_links":{"self":[{"href":"http:\/\/www.roogo.org\/wp-sadocc-linz\/index.php?rest_route=\/wp\/v2\/pages\/38"}],"collection":[{"href":"http:\/\/www.roogo.org\/wp-sadocc-linz\/index.php?rest_route=\/wp\/v2\/pages"}],"about":[{"href":"http:\/\/www.roogo.org\/wp-sadocc-linz\/index.php?rest_route=\/wp\/v2\/types\/page"}],"author":[{"embeddable":true,"href":"http:\/\/www.roogo.org\/wp-sadocc-linz\/index.php?rest_route=\/wp\/v2\/users\/1"}],"replies":[{"embeddable":true,"href":"http:\/\/www.roogo.org\/wp-sadocc-linz\/index.php?rest_route=%2Fwp%2Fv2%2Fcomments&post=38"}],"version-history":[{"count":29,"href":"http:\/\/www.roogo.org\/wp-sadocc-linz\/index.php?rest_route=\/wp\/v2\/pages\/38\/revisions"}],"predecessor-version":[{"id":319,"href":"http:\/\/www.roogo.org\/wp-sadocc-linz\/index.php?rest_route=\/wp\/v2\/pages\/38\/revisions\/319"}],"up":[{"embeddable":true,"href":"http:\/\/www.roogo.org\/wp-sadocc-linz\/index.php?rest_route=\/wp\/v2\/pages\/2"}],"wp:attachment":[{"href":"http:\/\/www.roogo.org\/wp-sadocc-linz\/index.php?rest_route=%2Fwp%2Fv2%2Fmedia&parent=38"}],"curies":[{"name":"wp","href":"https:\/\/api.w.org\/{rel}","templated":true}]}}