{"id":34,"date":"2011-01-17T08:26:01","date_gmt":"2011-01-17T07:26:01","guid":{"rendered":"http:\/\/www.roogo.org\/wp-sadocc-linz\/?page_id=34"},"modified":"2011-01-18T21:06:07","modified_gmt":"2011-01-18T20:06:07","slug":"20062007-2","status":"publish","type":"page","link":"http:\/\/www.roogo.org\/wp-sadocc-linz\/?page_id=34","title":{"rendered":"2006\/2007"},"content":{"rendered":"<ul>\n<li>15. Treffen 23.10.2006 &#8211; Dieser Abend wurde ganz SADOCC-internen Fragen gewidmet\n<ul>\n<li><a href=\"http:\/\/www.roogo.org\/wp-sadocc-linz\/wp-content\/uploads\/2011\/01\/SADOCCEinladungTreffenOkt2006.pdf\">Einladung mit weiteren Informationen<\/a><\/li>\n<\/ul>\n<\/li>\n<li>16. Treffen 4.12.2006 &#8211; Vortrag von Dr. Jacques de Wet zum Thema Civil Society in the post apartheid SA.\n<ul>\n<li>Bei diesem Vortrag wurden die unterschiedlichen Type von NGOs \/ NPOs, deren Aufgaben, deren Wirkungsbereich und ihr manchmal etwas problematisches\n<p>Verh\u00e4ltnis zur s\u00fcdafrikanischen Regierung aus Sicht eines s\u00fcdafrikanischen Soziologen erl\u00e4utert.<\/li>\n<li><a href=\"http:\/\/www.roogo.org\/wp-sadocc-linz\/wp-content\/uploads\/2011\/01\/SADOCCEinladungTreffenDez2006.pdf\">Einladung mit weiteren Informationen<\/a><\/li>\n<p><div id=\"attachment_217\" style=\"width: 310px\" class=\"wp-caption aligncenter\"><a href=\"http:\/\/www.roogo.org\/wp-sadocc-linz\/wp-content\/uploads\/2011\/01\/JacquesDeWet_1.jpg\"><img loading=\"lazy\" decoding=\"async\" aria-describedby=\"caption-attachment-217\" class=\"size-medium wp-image-217\" title=\"Dr. Jacques de Wet beim Vortrag\" src=\"http:\/\/www.roogo.org\/wp-sadocc-linz\/wp-content\/uploads\/2011\/01\/JacquesDeWet_1-300x225.jpg\" alt=\"\" width=\"300\" height=\"225\" srcset=\"http:\/\/www.roogo.org\/wp-sadocc-linz\/wp-content\/uploads\/2011\/01\/JacquesDeWet_1-300x225.jpg 300w, http:\/\/www.roogo.org\/wp-sadocc-linz\/wp-content\/uploads\/2011\/01\/JacquesDeWet_1.jpg 567w\" sizes=\"(max-width: 300px) 100vw, 300px\" \/><\/a><p id=\"caption-attachment-217\" class=\"wp-caption-text\">Dr. Jacques de Wet beim Vortrag<\/p><\/div><\/ul>\n<\/li>\n<li>17. Treffen 26.2.2007 &#8211; Diskussion mit Vertretern der Black Community Linz\n<ul>\n<li>Bei diesem Treffen stellte sich die Organisation &#8222;Black Community&#8220;, (die sich als Interessensvertretung von Afrikanern in Ober\u00f6sterreich versteht) vor\n<p>und es gab eine aufschlu\u00dfreiche Diskussion \u00fcber die Probleme und Lebenssituation von Afrikaner in Linz.<\/li>\n<li><a href=\"http:\/\/www.roogo.org\/wp-sadocc-linz\/wp-content\/uploads\/2011\/01\/SADOCCEinladungTreffenFeb2007.pdf\">Einladung mit weiteren Informationen<\/a><\/li>\n<li><a href=\"http:\/\/www.black-community-ooe.net\/\" target=\"_blank\">Die Homepage der Black Community Ober\u00f6sterreich<\/a><\/li>\n<li><a href=\"http:\/\/www.operation-spring.com\/spring\/presse\/SWS_2005_2_kravagna1.pdf\">Ein interessanter (sozialwissenschaftlicher) Artikel f\u00fcr das Verh\u00e4ltnis Polizei und Justiz zu Afrikanern<\/a><\/li>\n<li><a href=\"http:\/\/www.roogo.org\/wp-sadocc-linz\/wp-content\/uploads\/2011\/01\/Ebermann1.pdf\">Ein paar statistische Daten \u00fcber in \u00d6sterreich lebende Afrikaner<\/a><\/li>\n<p><div id=\"attachment_230\" style=\"width: 310px\" class=\"wp-caption aligncenter\"><a href=\"http:\/\/www.roogo.org\/wp-sadocc-linz\/wp-content\/uploads\/2011\/01\/BC1.jpg\"><img loading=\"lazy\" decoding=\"async\" aria-describedby=\"caption-attachment-230\" class=\"size-medium wp-image-230\" title=\"Bei der Diskussion mit der Black Community\" src=\"http:\/\/www.roogo.org\/wp-sadocc-linz\/wp-content\/uploads\/2011\/01\/BC1-300x224.jpg\" alt=\"\" width=\"300\" height=\"224\" srcset=\"http:\/\/www.roogo.org\/wp-sadocc-linz\/wp-content\/uploads\/2011\/01\/BC1-300x224.jpg 300w, http:\/\/www.roogo.org\/wp-sadocc-linz\/wp-content\/uploads\/2011\/01\/BC1.jpg 482w\" sizes=\"(max-width: 300px) 100vw, 300px\" \/><\/a><p id=\"caption-attachment-230\" class=\"wp-caption-text\">Bei der Diskussion mit der Black Community<\/p><\/div><\/ul>\n<\/li>\n<li>18. Treffen 12.4.2007 &#8211; Lesung und Pr\u00e4sentation mit Walter Sauer\n<ul>\n<li>Univ. Prof. Dr. Walter Sauer, Vorsitzender von SADOCC Wien ist Herausgeber des Buches <strong>Von Soliman zu Omofuma. Afrikanische Diaspora in \u00d6sterreich 17. bis 20. Jahrhundert&#8220;, Studienverlag GmbH Innsbruck-Wien-Bozen (Oktober 2006)<\/strong>, stand uns f\u00fcr einen Abend in Linz zur Verf\u00fcgung.\n<p>In seinem j\u00fcngsten Buch werden Fragen der Migration und Integration von Afrikanern in \u00d6sterreich aus einer historischen Perspektive betrachtet.<\/li>\n<li><a href=\"http:\/\/www.roogo.org\/wp-sadocc-linz\/wp-content\/uploads\/2011\/01\/SADOCCEinladungTreffenApril2007.pdf\">Einladung mit weiteren Informationen<\/a><\/li>\n<p><div id=\"attachment_235\" style=\"width: 310px\" class=\"wp-caption aligncenter\"><a href=\"http:\/\/www.roogo.org\/wp-sadocc-linz\/wp-content\/uploads\/2011\/01\/WSauerK.jpg\"><img loading=\"lazy\" decoding=\"async\" aria-describedby=\"caption-attachment-235\" class=\"size-medium wp-image-235\" title=\"Walter Sauer in Thalia Linz, Landstra\u00dfe\" src=\"http:\/\/www.roogo.org\/wp-sadocc-linz\/wp-content\/uploads\/2011\/01\/WSauerK-300x224.jpg\" alt=\"\" width=\"300\" height=\"224\" srcset=\"http:\/\/www.roogo.org\/wp-sadocc-linz\/wp-content\/uploads\/2011\/01\/WSauerK-300x224.jpg 300w, http:\/\/www.roogo.org\/wp-sadocc-linz\/wp-content\/uploads\/2011\/01\/WSauerK.jpg 454w\" sizes=\"(max-width: 300px) 100vw, 300px\" \/><\/a><p id=\"caption-attachment-235\" class=\"wp-caption-text\">Walter Sauer in Thalia Linz, Landstra\u00dfe<\/p><\/div><\/ul>\n<\/li>\n<li>19. Treffen 11.6.2007 &#8211; &#8222;The Bridge&#8220; &#8211; Namibia\n<ul>\n<li>Zwei Studentinnen der Fachhochschule Linz (Sozialarbeit) absolvierten im Rahmen ihres Studiums ein Auslandspraktikum in Namibia bei der Organisation &#8222;The Bridge&#8220;. The Bridge k\u00fcmmert sich um straff\u00e4llig gewordene Jugendliche. Fr. Andrea Spitzer und Fr. Birgit Ehrlinger berichteten von ihrer Arbeit und von ihren Eindr\u00fccken, welche Sie in Namibia gesammelt hatten.<\/li>\n<li><a href=\"http:\/\/www.roogo.org\/wp-sadocc-linz\/wp-content\/uploads\/2011\/01\/SADOCCEinladungTreffenJuni2007.pdf\">Einladung mit weiteren Informationen<\/a><\/li>\n<p><div id=\"attachment_242\" style=\"width: 310px\" class=\"wp-caption aligncenter\"><a href=\"http:\/\/www.roogo.org\/wp-sadocc-linz\/wp-content\/uploads\/2011\/01\/TheBridge.jpg\"><img loading=\"lazy\" decoding=\"async\" aria-describedby=\"caption-attachment-242\" class=\"size-medium wp-image-242\" title=\"Die vortragenden Studentinnen\" src=\"http:\/\/www.roogo.org\/wp-sadocc-linz\/wp-content\/uploads\/2011\/01\/TheBridge-300x225.jpg\" alt=\"\" width=\"300\" height=\"225\" srcset=\"http:\/\/www.roogo.org\/wp-sadocc-linz\/wp-content\/uploads\/2011\/01\/TheBridge-300x225.jpg 300w, http:\/\/www.roogo.org\/wp-sadocc-linz\/wp-content\/uploads\/2011\/01\/TheBridge.jpg 425w\" sizes=\"(max-width: 300px) 100vw, 300px\" \/><\/a><p id=\"caption-attachment-242\" class=\"wp-caption-text\">Die vortragenden Studentinnen<\/p><\/div><\/ul>\n<\/li>\n<\/ul>\n","protected":false},"excerpt":{"rendered":"<p>15. Treffen 23.10.2006 &#8211; Dieser Abend wurde ganz SADOCC-internen Fragen gewidmet Einladung mit weiteren Informationen 16. Treffen 4.12.2006 &#8211; Vortrag von Dr. Jacques de Wet zum Thema Civil Society in the post apartheid SA. Bei diesem Vortrag wurden die unterschiedlichen &hellip; <a href=\"http:\/\/www.roogo.org\/wp-sadocc-linz\/?page_id=34\">Continue reading <span class=\"meta-nav\">&rarr;<\/span><\/a><\/p>\n","protected":false},"author":1,"featured_media":0,"parent":2,"menu_order":17,"comment_status":"closed","ping_status":"closed","template":"","meta":{"footnotes":""},"_links":{"self":[{"href":"http:\/\/www.roogo.org\/wp-sadocc-linz\/index.php?rest_route=\/wp\/v2\/pages\/34"}],"collection":[{"href":"http:\/\/www.roogo.org\/wp-sadocc-linz\/index.php?rest_route=\/wp\/v2\/pages"}],"about":[{"href":"http:\/\/www.roogo.org\/wp-sadocc-linz\/index.php?rest_route=\/wp\/v2\/types\/page"}],"author":[{"embeddable":true,"href":"http:\/\/www.roogo.org\/wp-sadocc-linz\/index.php?rest_route=\/wp\/v2\/users\/1"}],"replies":[{"embeddable":true,"href":"http:\/\/www.roogo.org\/wp-sadocc-linz\/index.php?rest_route=%2Fwp%2Fv2%2Fcomments&post=34"}],"version-history":[{"count":30,"href":"http:\/\/www.roogo.org\/wp-sadocc-linz\/index.php?rest_route=\/wp\/v2\/pages\/34\/revisions"}],"predecessor-version":[{"id":342,"href":"http:\/\/www.roogo.org\/wp-sadocc-linz\/index.php?rest_route=\/wp\/v2\/pages\/34\/revisions\/342"}],"up":[{"embeddable":true,"href":"http:\/\/www.roogo.org\/wp-sadocc-linz\/index.php?rest_route=\/wp\/v2\/pages\/2"}],"wp:attachment":[{"href":"http:\/\/www.roogo.org\/wp-sadocc-linz\/index.php?rest_route=%2Fwp%2Fv2%2Fmedia&parent=34"}],"curies":[{"name":"wp","href":"https:\/\/api.w.org\/{rel}","templated":true}]}}