{"id":2,"date":"2011-01-15T09:36:06","date_gmt":"2011-01-15T09:36:06","guid":{"rendered":""},"modified":"2011-01-17T15:50:40","modified_gmt":"2011-01-17T14:50:40","slug":"eine-seite","status":"publish","type":"page","link":"http:\/\/www.roogo.org\/wp-sadocc-linz\/?page_id=2","title":{"rendered":"Aktivit\u00e4ten"},"content":{"rendered":"<p>Die Aktivit\u00e4ten von SADOCC-Linz beschr\u00e4nken sich auf die Abhaltung von Treffen bzw. Veranstaltungen zum s\u00fcdlichen Afrika. Unser Kreis betreibt keine Form der Entwicklungszusammenarbeit oder \u00e4hnliches (was aber nicht bedeutet, dass nicht eine Anzahl von Personen aus unserem Umfeld \u00fcber andere Organisationen in diesem Sinne t\u00e4tig sind).<\/p>\n<p>In den folgenden Seiten werden die bisher durchgef\u00fchrten Treffen aufgelistet.<\/p>\n","protected":false},"excerpt":{"rendered":"<p>Die Aktivit\u00e4ten von SADOCC-Linz beschr\u00e4nken sich auf die Abhaltung von Treffen bzw. Veranstaltungen zum s\u00fcdlichen Afrika. Unser Kreis betreibt keine Form der Entwicklungszusammenarbeit oder \u00e4hnliches (was aber nicht bedeutet, dass nicht eine Anzahl von Personen aus unserem Umfeld \u00fcber andere &hellip; <a href=\"http:\/\/www.roogo.org\/wp-sadocc-linz\/?page_id=2\">Continue reading <span class=\"meta-nav\">&rarr;<\/span><\/a><\/p>\n","protected":false},"author":1,"featured_media":0,"parent":0,"menu_order":1,"comment_status":"closed","ping_status":"closed","template":"","meta":{"footnotes":""},"_links":{"self":[{"href":"http:\/\/www.roogo.org\/wp-sadocc-linz\/index.php?rest_route=\/wp\/v2\/pages\/2"}],"collection":[{"href":"http:\/\/www.roogo.org\/wp-sadocc-linz\/index.php?rest_route=\/wp\/v2\/pages"}],"about":[{"href":"http:\/\/www.roogo.org\/wp-sadocc-linz\/index.php?rest_route=\/wp\/v2\/types\/page"}],"author":[{"embeddable":true,"href":"http:\/\/www.roogo.org\/wp-sadocc-linz\/index.php?rest_route=\/wp\/v2\/users\/1"}],"replies":[{"embeddable":true,"href":"http:\/\/www.roogo.org\/wp-sadocc-linz\/index.php?rest_route=%2Fwp%2Fv2%2Fcomments&post=2"}],"version-history":[{"count":5,"href":"http:\/\/www.roogo.org\/wp-sadocc-linz\/index.php?rest_route=\/wp\/v2\/pages\/2\/revisions"}],"predecessor-version":[{"id":122,"href":"http:\/\/www.roogo.org\/wp-sadocc-linz\/index.php?rest_route=\/wp\/v2\/pages\/2\/revisions\/122"}],"wp:attachment":[{"href":"http:\/\/www.roogo.org\/wp-sadocc-linz\/index.php?rest_route=%2Fwp%2Fv2%2Fmedia&parent=2"}],"curies":[{"name":"wp","href":"https:\/\/api.w.org\/{rel}","templated":true}]}}