{"id":31,"date":"2011-01-13T10:17:07","date_gmt":"2011-01-13T09:17:07","guid":{"rendered":"http:\/\/www.roogo.org\/wp-murauer\/?page_id=31"},"modified":"2018-06-22T13:24:08","modified_gmt":"2018-06-22T11:24:08","slug":"privat","status":"publish","type":"page","link":"http:\/\/www.roogo.org\/wp-murauer\/?page_id=31","title":{"rendered":"Privat"},"content":{"rendered":"<p>Unter &#8222;Privates&#8220; ist in erster Linie Sohn und Partnerin zu sehen.<\/p>\n<p>Dann kommen noch einige Interessensgebiete, wie &#8230;<\/p>\n<ul>\n<li>Informatik allgemein<\/li>\n<li>Soziologie<\/li>\n<li>Entwicklungspolitische Belange (vor allem in Bezug auf Afrika)\n<ul>\n<li><a href=\"http:\/\/vez-bf.at\" rel=\"noopener\" target=\"_blank\">Linzer Verein VEZ (Burkina Faso)<\/a><\/li>\n<li><a href=\"http:\/\/www.sadocc.at\/\" rel=\"noopener\" target=\"_blank\">SADOCC &#8211; s\u00fcdliches Afrika<\/a><\/li>\n<\/ul>\n<\/li>\n<li>Lesen (quer \u00fcber die gr\u00fcne Wiese)<\/li>\n<li>GPS \/ Geografische Informationssysteme<\/li>\n<li>Amnesty International \/ \u00c4rzte ohne Grenzen<\/li>\n<li>Wandern in den \u00f6sterreichischen Bergen<\/li>\n<li>Faltbootfahren<\/li>\n<\/ul>\n<p>Allgemein kann man sagen, dass mich<\/p>\n<ul>\n<li>in Bezug auf &#8222;Wissensgebiete&#8220; das Neue, das Unbekannte sehr reizt,<\/li>\n<li>in Bezug auf soziale Bereiche mich Unmenschlichkeiten und Ungerechtigkeiten st\u00f6ren<\/li>\n<li>und in Bezug auf Sport die Natur anspricht.<\/li>\n<\/ul>\n<p>Danach richte ich meine Freizeitaktivit\u00e4ten aus.<\/p>\n","protected":false},"excerpt":{"rendered":"<p>Unter &#8222;Privates&#8220; ist in erster Linie Sohn und Partnerin zu sehen. Dann kommen noch einige Interessensgebiete, wie &#8230; Informatik allgemein Soziologie Entwicklungspolitische Belange (vor allem in Bezug auf Afrika) Linzer Verein VEZ (Burkina Faso) SADOCC &#8211; s\u00fcdliches Afrika Lesen (quer \u00fcber die gr\u00fcne Wiese) GPS \/ Geografische Informationssysteme Amnesty International \/ \u00c4rzte ohne Grenzen Wandern&hellip; <a href=\"http:\/\/www.roogo.org\/wp-murauer\/?page_id=31\" class=\"more-link\">Weiterlesen <span class=\"screen-reader-text\">Privat<\/span><\/a><\/p>\n","protected":false},"author":1,"featured_media":0,"parent":0,"menu_order":2,"comment_status":"closed","ping_status":"closed","template":"","meta":{"footnotes":""},"_links":{"self":[{"href":"http:\/\/www.roogo.org\/wp-murauer\/index.php?rest_route=\/wp\/v2\/pages\/31"}],"collection":[{"href":"http:\/\/www.roogo.org\/wp-murauer\/index.php?rest_route=\/wp\/v2\/pages"}],"about":[{"href":"http:\/\/www.roogo.org\/wp-murauer\/index.php?rest_route=\/wp\/v2\/types\/page"}],"author":[{"embeddable":true,"href":"http:\/\/www.roogo.org\/wp-murauer\/index.php?rest_route=\/wp\/v2\/users\/1"}],"replies":[{"embeddable":true,"href":"http:\/\/www.roogo.org\/wp-murauer\/index.php?rest_route=%2Fwp%2Fv2%2Fcomments&post=31"}],"version-history":[{"count":18,"href":"http:\/\/www.roogo.org\/wp-murauer\/index.php?rest_route=\/wp\/v2\/pages\/31\/revisions"}],"predecessor-version":[{"id":281,"href":"http:\/\/www.roogo.org\/wp-murauer\/index.php?rest_route=\/wp\/v2\/pages\/31\/revisions\/281"}],"wp:attachment":[{"href":"http:\/\/www.roogo.org\/wp-murauer\/index.php?rest_route=%2Fwp%2Fv2%2Fmedia&parent=31"}],"curies":[{"name":"wp","href":"https:\/\/api.w.org\/{rel}","templated":true}]}}