{"id":283,"date":"2018-06-22T13:44:32","date_gmt":"2018-06-22T11:44:32","guid":{"rendered":"http:\/\/www.roogo.org\/wp-murauer\/?page_id=283"},"modified":"2018-06-22T13:54:14","modified_gmt":"2018-06-22T11:54:14","slug":"publikationen","status":"publish","type":"page","link":"http:\/\/www.roogo.org\/wp-murauer\/?page_id=283","title":{"rendered":"Publikationen"},"content":{"rendered":"<ul>\n<li>Rudolf H\u00f6rmanseder, Johann Murauer, J\u00f6rg R.M\u00fchlbacher:<strong> Managing data flow in a DAC supporting security system<\/strong>. In: Journal of Network and Computer Applications (2002) 25, Seite 223 &#8211; 238<\/li>\n<p><em>Anmerkung: Obiger Artikel fasst die Ergebnisse meiner Dissertation aus Informatik zusammen.<\/em><\/p>\n<li>Johann Murauer: <strong>Eine Reise nach Burkina Faso. Zu Besuch bei dem Erosionsschutzprojekt SEGKOS in Yatenga<\/strong>. Shaker Media Aachen, 2009, 138 Seiten<\/li>\n<p><em>Anmerkung: Obiges Buch schildert das Projekt SEGKOS (welches ich im Rahmen der VEZ <a href=\"http:\/\/vez-bf.at\" rel=\"noopener\" target=\"_blank\"><\/a> geleitet habe) und die Erlebnisse vor Ort in Afrika.<\/em><\/p>\n<li>Johann Murauer:<strong> Rund um&#8217;s GPS. Eine kurze Einf\u00fchrung in die vielf\u00e4ltigen Verwendungsm\u00f6glichkeiten von GPS-Ger\u00e4ten und in die dazugeh\u00f6rige Datenauswertung mit kostenloser Software<\/strong>. Shaker Media Aachen 2011, 88 Seiten<\/li>\n<p><em>Anmerkung: Obiges Buch dient zur Erg\u00e4nzung der eher mangelhaften Handb\u00fccher von GPS-Ger\u00e4ten und zeigt auch erste Schritte in OpenStreetMap.<\/em><\/p>\n<li>Johann Murauer:<strong> Modellbildung und Simulation als Methode zur Bearbeitung soziologischer Fragestellungen aus dem Bereich der Entwicklungszusammenarbeit<\/strong>. LIT Verlag M\u00fcnster\/Wien 2014, 297 Seiten<\/li>\n<p><em>Anmerkung: Obiges Buch ist eine leicht \u00fcberarbeitet Fassung meiner Dissertation aus Soziologie.<\/em><\/p>\n<li>Johann Murauer: <strong>Simulation von Strategien der Entwicklungszusammenarbeit<\/strong>. In: Reinhard Bachleitner et al.: Empirische Prognoseverfahren in den Sozialwissenschaften, Spinger VS Wiesbaden 2016, Seite 258 &#8211; 277<\/li>\n<p><em>Anmerkung: Obiges Buchkapitel gibt eine Zusammenfassung der Erkenntnisse, die in meiner Dissertation aus Soziologie gewonnen wurden.<\/em><\/p>\n<\/ul>\n","protected":false},"excerpt":{"rendered":"<p>Rudolf H\u00f6rmanseder, Johann Murauer, J\u00f6rg R.M\u00fchlbacher: Managing data flow in a DAC supporting security system. In: Journal of Network and Computer Applications (2002) 25, Seite 223 &#8211; 238 Anmerkung: Obiger Artikel fasst die Ergebnisse meiner Dissertation aus Informatik zusammen. Johann Murauer: Eine Reise nach Burkina Faso. Zu Besuch bei dem Erosionsschutzprojekt SEGKOS in Yatenga. Shaker&hellip; <a href=\"http:\/\/www.roogo.org\/wp-murauer\/?page_id=283\" class=\"more-link\">Weiterlesen <span class=\"screen-reader-text\">Publikationen<\/span><\/a><\/p>\n","protected":false},"author":1,"featured_media":0,"parent":0,"menu_order":3,"comment_status":"closed","ping_status":"closed","template":"","meta":{"footnotes":""},"_links":{"self":[{"href":"http:\/\/www.roogo.org\/wp-murauer\/index.php?rest_route=\/wp\/v2\/pages\/283"}],"collection":[{"href":"http:\/\/www.roogo.org\/wp-murauer\/index.php?rest_route=\/wp\/v2\/pages"}],"about":[{"href":"http:\/\/www.roogo.org\/wp-murauer\/index.php?rest_route=\/wp\/v2\/types\/page"}],"author":[{"embeddable":true,"href":"http:\/\/www.roogo.org\/wp-murauer\/index.php?rest_route=\/wp\/v2\/users\/1"}],"replies":[{"embeddable":true,"href":"http:\/\/www.roogo.org\/wp-murauer\/index.php?rest_route=%2Fwp%2Fv2%2Fcomments&post=283"}],"version-history":[{"count":7,"href":"http:\/\/www.roogo.org\/wp-murauer\/index.php?rest_route=\/wp\/v2\/pages\/283\/revisions"}],"predecessor-version":[{"id":290,"href":"http:\/\/www.roogo.org\/wp-murauer\/index.php?rest_route=\/wp\/v2\/pages\/283\/revisions\/290"}],"wp:attachment":[{"href":"http:\/\/www.roogo.org\/wp-murauer\/index.php?rest_route=%2Fwp%2Fv2%2Fmedia&parent=283"}],"curies":[{"name":"wp","href":"https:\/\/api.w.org\/{rel}","templated":true}]}}