{"id":2,"date":"2011-01-11T22:39:57","date_gmt":"2011-01-11T22:39:57","guid":{"rendered":""},"modified":"2018-07-06T20:26:19","modified_gmt":"2018-07-06T18:26:19","slug":"eine-seite","status":"publish","type":"page","link":"http:\/\/www.roogo.org\/wp-murauer\/","title":{"rendered":"\u00dcber mich"},"content":{"rendered":"<p>Danke f\u00fcr Ihren Besuch.<\/p>\n<p>Sie finden hier einige Informationen \u00fcber meine Person und meine T\u00e4tigkeiten.<\/p>\n<p>Wenn Sie Fragen haben oder aus anderen Gr\u00fcnden mit mir in Verbindung treten wollen, dann z\u00f6gern Sie nicht, mir ein E-Mail zu senden (Men\u00fcpunkt oben rechts bzw. <a href=\"http:\/\/www.roogo.org\/wp-murauer\/?page_id=258\">gleich hier<\/a>).<\/p>\n<p>Selbstverst\u00e4ndlich k\u00f6nnte ich Ihnen hier meinen ausf\u00fchrlichen Lebenslauf hinschreiben. Aber in der K\u00fcrze liegt die W\u00fcrze &#8230;<\/p>\n<ul>\n<li>Geboren 1959 (Ober\u00f6sterreich)<\/li>\n<li>Elektrikerlehre<\/li>\n<li>Matura auf dem 2. Bildungsweg nachgeholt<\/li>\n<li>Studium der Informatik und Soziologie<\/li>\n<li>T\u00e4tigkeit als Softwareentwickler im Bereich Computersicherheit<\/li>\n<li>Verwitwet, ein Sohn, in Partnerschaft lebend<\/li>\n<\/ul>\n<p>Einen ausf\u00fchrlichen Lebenslauf finden Sie <a href=\"http:\/\/www.roogo.org\/wp-murauer\/wp-content\/uploads\/2018\/07\/CV-Murauer-v3.pdf\">hier<\/a>.<\/p>\n<p>Ich freue mich \u00fcber Ihre Nachricht!<\/p>\n<p><img decoding=\"async\" src=\"http:\/\/www.roogo.org\/wp-murauer\/wp-content\/uploads\/2018\/06\/DSC_9213-sm3.jpg\" alt=\"\" width=\"150\" class=\"aligncenter size-full wp-image-325\" srcset=\"http:\/\/www.roogo.org\/wp-murauer\/wp-content\/uploads\/2018\/06\/DSC_9213-sm3.jpg 1257w, http:\/\/www.roogo.org\/wp-murauer\/wp-content\/uploads\/2018\/06\/DSC_9213-sm3-200x300.jpg 200w, http:\/\/www.roogo.org\/wp-murauer\/wp-content\/uploads\/2018\/06\/DSC_9213-sm3-768x1155.jpg 768w, http:\/\/www.roogo.org\/wp-murauer\/wp-content\/uploads\/2018\/06\/DSC_9213-sm3-681x1024.jpg 681w\" sizes=\"(max-width: 1257px) 100vw, 1257px\" \/><\/p>\n","protected":false},"excerpt":{"rendered":"<p>Danke f\u00fcr Ihren Besuch. Sie finden hier einige Informationen \u00fcber meine Person und meine T\u00e4tigkeiten. Wenn Sie Fragen haben oder aus anderen Gr\u00fcnden mit mir in Verbindung treten wollen, dann z\u00f6gern Sie nicht, mir ein E-Mail zu senden (Men\u00fcpunkt oben rechts bzw. gleich hier). Selbstverst\u00e4ndlich k\u00f6nnte ich Ihnen hier meinen ausf\u00fchrlichen Lebenslauf hinschreiben. Aber in&hellip; <a href=\"http:\/\/www.roogo.org\/wp-murauer\/\" class=\"more-link\">Weiterlesen <span class=\"screen-reader-text\">\u00dcber mich<\/span><\/a><\/p>\n","protected":false},"author":1,"featured_media":0,"parent":0,"menu_order":0,"comment_status":"closed","ping_status":"closed","template":"","meta":{"footnotes":""},"_links":{"self":[{"href":"http:\/\/www.roogo.org\/wp-murauer\/index.php?rest_route=\/wp\/v2\/pages\/2"}],"collection":[{"href":"http:\/\/www.roogo.org\/wp-murauer\/index.php?rest_route=\/wp\/v2\/pages"}],"about":[{"href":"http:\/\/www.roogo.org\/wp-murauer\/index.php?rest_route=\/wp\/v2\/types\/page"}],"author":[{"embeddable":true,"href":"http:\/\/www.roogo.org\/wp-murauer\/index.php?rest_route=\/wp\/v2\/users\/1"}],"replies":[{"embeddable":true,"href":"http:\/\/www.roogo.org\/wp-murauer\/index.php?rest_route=%2Fwp%2Fv2%2Fcomments&post=2"}],"version-history":[{"count":77,"href":"http:\/\/www.roogo.org\/wp-murauer\/index.php?rest_route=\/wp\/v2\/pages\/2\/revisions"}],"predecessor-version":[{"id":336,"href":"http:\/\/www.roogo.org\/wp-murauer\/index.php?rest_route=\/wp\/v2\/pages\/2\/revisions\/336"}],"wp:attachment":[{"href":"http:\/\/www.roogo.org\/wp-murauer\/index.php?rest_route=%2Fwp%2Fv2%2Fmedia&parent=2"}],"curies":[{"name":"wp","href":"https:\/\/api.w.org\/{rel}","templated":true}]}}